{"id":11789,"date":"2024-10-28T20:00:11","date_gmt":"2024-10-28T20:00:11","guid":{"rendered":"https:\/\/puregrowshop.com\/permabloom-5-lt-floramato-terra-aquatica\/"},"modified":"2025-12-27T20:05:00","modified_gmt":"2025-12-27T20:05:00","slug":"permabloom-5-lt-floramato-terra-aquatica","status":"publish","type":"product","link":"https:\/\/puregrowshop.com\/fr\/permabloom-5-lt-floramato-terra-aquatica\/","title":{"rendered":"PermaBloom  5 lt. (FloraMato) Terra Aquatica"},"content":{"rendered":"<p>Aplicaci\u00f3n:<\/p>\n<p>En Hidroponia:<\/p>\n<p>Esquejes y plantas jovenes:<\/p>\n<p>FloraMicro = 1 ml\/L y FloraMato = 1 ml\/L, con un EC de 0,85<\/p>\n<p>Plantas golosas:<\/p>\n<p>FloraMicro = 2 ml\/L y FloraMato = 3 ml\/L, con un EC de 1,6<\/p>\n<p>Plantas muy golosas:<\/p>\n<p>FloraMicro = 3 ml\/L y FloraMato = 4 ml\/L, con un EC de 2,10<\/p>\n<p>En Tierra: Utilizar 1\/2 de la concentraci\u00f3n a cada riego<\/p>\n<p>Para obtener los mejores resultados :<\/p>\n<p>Mantenga el nivel de pH entre 5.5 y 6.5. Utilice nuestro Test Indicador de pH.<br \/>Nuestros abonos son muy concentrados. Para evitar cualquier precipitaci\u00f3n, no los mezcle jam\u00e1s juntos, sino que vi\u00e9ralos cada uno por separado.<br \/>Proporciones para cultivos hidrop\u00f3nicos y fuera del suelo, cualquier substrato: bolas de arcilla, lana de roca, perlita, fibra de coco, etc&#8230;<br \/>En fertirrigaci\u00f3n, utilise 1\/2 de la concentraci\u00f3n.<\/p>\n","protected":false},"excerpt":{"rendered":"<p>Para todos sistemas de cultivo : aero-hidroponia, hidroponia o suelo<br \/>Acentua los sabores<br \/>Aumenta los rendimientos<br \/>Mejora el valor nutritivo<br \/>FloraMato, mezclado con FloraMicro, proporciona todos los minerales esenciales a las plantas de floraci\u00f3n y fructificaci\u00f3n continua: tomate, pimientos, jud\u00edas, melones, fresas, etc&#8230;.<\/p>\n<p>FloraMato es una combinaci\u00f3n \u00fanica de elementos primarios y secundarios con el pH estabilizado.<br \/>Concebido para el cultivo hidrop\u00f3nico y fuera del suelo, FloraMato es tambi\u00e9n eficaz en fertirrigaci\u00f3n.<br \/>FloraMato siempre se utiliza con FloraMicro. Se adapta pues a todas aguas, duras y dulces.<\/p>\n","protected":false},"featured_media":10252,"comment_status":"open","ping_status":"closed","template":"","meta":{"_bst_post_transparent":"","_bst_post_title":"","_bst_post_layout":"","_bst_post_sidebar_id":"","_bst_post_content_style":"","_bst_post_vertical_padding":"","_bst_post_feature":"","_bst_post_feature_position":"","_bst_post_header":false,"_bst_post_footer":false},"pwb-brand":[156],"product_brand":[],"product_cat":[39],"product_tag":[],"class_list":{"0":"post-11789","1":"product","2":"type-product","3":"status-publish","4":"has-post-thumbnail","6":"pwb-brand-terra-aquatica","7":"product_cat-fertilizantes","9":"first","10":"instock","11":"sale","12":"taxable","13":"shipping-taxable","14":"purchasable","15":"product-type-simple","16":"entry","17":"content-bg","18":"loop-entry"},"brands":[{"id":156,"name":"Terra Aquatica","slug":"terra-aquatica"}],"_links":{"self":[{"href":"https:\/\/puregrowshop.com\/fr\/wp-json\/wp\/v2\/product\/11789","targetHints":{"allow":["GET"]}}],"collection":[{"href":"https:\/\/puregrowshop.com\/fr\/wp-json\/wp\/v2\/product"}],"about":[{"href":"https:\/\/puregrowshop.com\/fr\/wp-json\/wp\/v2\/types\/product"}],"replies":[{"embeddable":true,"href":"https:\/\/puregrowshop.com\/fr\/wp-json\/wp\/v2\/comments?post=11789"}],"wp:featuredmedia":[{"embeddable":true,"href":"https:\/\/puregrowshop.com\/fr\/wp-json\/wp\/v2\/media\/10252"}],"wp:attachment":[{"href":"https:\/\/puregrowshop.com\/fr\/wp-json\/wp\/v2\/media?parent=11789"}],"wp:term":[{"taxonomy":"pwb-brand","embeddable":true,"href":"https:\/\/puregrowshop.com\/fr\/wp-json\/wp\/v2\/pwb-brand?post=11789"},{"taxonomy":"product_brand","embeddable":true,"href":"https:\/\/puregrowshop.com\/fr\/wp-json\/wp\/v2\/product_brand?post=11789"},{"taxonomy":"product_cat","embeddable":true,"href":"https:\/\/puregrowshop.com\/fr\/wp-json\/wp\/v2\/product_cat?post=11789"},{"taxonomy":"product_tag","embeddable":true,"href":"https:\/\/puregrowshop.com\/fr\/wp-json\/wp\/v2\/product_tag?post=11789"}],"curies":[{"name":"wp","href":"https:\/\/api.w.org\/{rel}","templated":true}]}}