{"id":11784,"date":"2024-10-28T20:00:11","date_gmt":"2024-10-28T20:00:11","guid":{"rendered":"https:\/\/puregrowshop.com\/final-part-5-lt-terra-aquatica\/"},"modified":"2025-12-27T20:05:00","modified_gmt":"2025-12-27T20:05:00","slug":"final-part-5-lt-terra-aquatica","status":"publish","type":"product","link":"https:\/\/puregrowshop.com\/fr\/final-part-5-lt-terra-aquatica\/","title":{"rendered":"Final Part   5 lt. Terra Aquatica"},"content":{"rendered":"<p>Presentamos el &quot;Final Part 5 lt. Terra Aquatica&quot;, un fertilizante de alta calidad dise\u00f1ado para maximizar el rendimiento de sus cultivos en la fase final de floraci\u00f3n. Este producto es ideal para los cultivadores que buscan resultados \u00f3ptimos y cosechas abundantes.<\/p>\n<ul>\n<li>Peso: 5.91 kg<\/li>\n<li>Categor\u00eda: Fertilizantes<\/li>\n<li>Formulado espec\u00edficamente para la fase final de crecimiento<\/li>\n<li>Compatible con una amplia variedad de plantas y sistemas de cultivo<\/li>\n<\/ul>\n<p>El &quot;Final Part 5 lt. Terra Aquatica&quot; act\u00faa como un catalizador para el desarrollo de flores y frutos, asegurando una nutrici\u00f3n adecuada en el momento crucial. Mejora la densidad, el aroma y el sabor del producto final, lo que se traduce en una cosecha de calidad superior.<\/p>\n<p>Este fertilizante est\u00e1 compuesto por una mezcla equilibrada de macronutrientes y micronutrientes esenciales, que proporcionan a las plantas los elementos necesarios para un crecimiento vigoroso.<\/p>\n<p>Para utilizarlo, simplemente mezcle la dosis recomendada en su sistema de riego. Se aconseja seguir las instrucciones espec\u00edficas de dosificaci\u00f3n para cada tipo de planta, ajustando seg\u00fan las necesidades observadas y las condiciones de cultivo. Con el &quot;Final Part 5 lt. Terra Aquatica&quot;, garantice una cosecha exitosa y abundante.<\/p>\n","protected":false},"excerpt":{"rendered":"<p>Ripen es un producto \u00fanico en nuestra industria. No es un aditivo, tampoco es un estimulador.<br \/>Contiene todo lo necesario para que la planta pueda terminar el ciclo de floraci\u00f3n o de fructificaci\u00f3n&#8230;y nada m\u00e1s.<\/p>\n<p>Ripen es un abono completo para el fin del ciclo de floraci\u00f3n. Fue espec\u00edficamente formulado para acelerar la maduraci\u00f3n, as\u00ed como para mejorar el contenido en principios activos.<br \/>Se compone de una mezcla de sales minerales y de tampones dosados por nuestros laboratorios con una gran minucia.<br \/>En esta fase de crecimiento, la precisi\u00f3n es en efecto de la m\u00e1s alta importancia porque la planta, en el fin de su vida, est\u00e1 muy a menudo debilitada, y su capacidad de asimilaci\u00f3n es muy inferior a la capacidad de asimilaci\u00f3n de la fase de crecimiento.<br \/>Ripen ejerce acci\u00f3n a distintos niveles : Da a la planta una se\u00f1al fuerte para que sepa que llega al t\u00e9rmino de su vida.<br \/>Ella reacciona con una floraci\u00f3n y una fructificaci\u00f3n aceleradas, en un esfuerzo para reproducirse antes de desaparecer.<\/p>\n<p>Activa las defensas de la planta y por consiguiente, los principios activos.<br \/>Proporciona a la planta todos los iones minerales para \u00e9ste \u00faltimo esfuerzo de reproducci\u00f3n.<br \/>En caso de acumulaci\u00f3n de nitratos y de oligoelementos por la planta, ayuda a la metabolizaci\u00f3n de estos residuos, favoreciendo el sabor de la cosecha.<\/p>\n<p>Este abono tiene varias aplicaciones :<\/p>\n<p>Por lo general, favorece una maduraci\u00f3n m\u00e1s r\u00e1pida.<br \/>Permite tambi\u00e9n terminar aceleradamente una cosecha antes de que se estropee por el fr\u00edo o la humedad.<br \/>En un invernadero o en el interior, ayuda a armonizar los fines de ciclo y a la maduraci\u00f3n de las plantas m\u00e1s tard\u00edas.<br \/>En caso de ataques graves de pat\u00f3genos o de insectos, acelera el ciclo y permite obtener una cosecha antes de la destrucci\u00f3n de las plantas.<br \/>Por fin, favorece el aumento en el contenido de principios activas de las plantas medicinales, arom\u00e1ticas y culinarias.<\/p>\n","protected":false},"featured_media":10242,"comment_status":"open","ping_status":"closed","template":"","meta":{"_bst_post_transparent":"","_bst_post_title":"","_bst_post_layout":"","_bst_post_sidebar_id":"","_bst_post_content_style":"","_bst_post_vertical_padding":"","_bst_post_feature":"","_bst_post_feature_position":"","_bst_post_header":false,"_bst_post_footer":false},"pwb-brand":[156],"product_brand":[],"product_cat":[39],"product_tag":[],"class_list":{"0":"post-11784","1":"product","2":"type-product","3":"status-publish","4":"has-post-thumbnail","6":"pwb-brand-terra-aquatica","7":"product_cat-fertilizantes","9":"first","10":"instock","11":"sale","12":"taxable","13":"shipping-taxable","14":"purchasable","15":"product-type-simple","16":"entry","17":"content-bg","18":"loop-entry"},"brands":[{"id":156,"name":"Terra Aquatica","slug":"terra-aquatica"}],"_links":{"self":[{"href":"https:\/\/puregrowshop.com\/fr\/wp-json\/wp\/v2\/product\/11784","targetHints":{"allow":["GET"]}}],"collection":[{"href":"https:\/\/puregrowshop.com\/fr\/wp-json\/wp\/v2\/product"}],"about":[{"href":"https:\/\/puregrowshop.com\/fr\/wp-json\/wp\/v2\/types\/product"}],"replies":[{"embeddable":true,"href":"https:\/\/puregrowshop.com\/fr\/wp-json\/wp\/v2\/comments?post=11784"}],"wp:featuredmedia":[{"embeddable":true,"href":"https:\/\/puregrowshop.com\/fr\/wp-json\/wp\/v2\/media\/10242"}],"wp:attachment":[{"href":"https:\/\/puregrowshop.com\/fr\/wp-json\/wp\/v2\/media?parent=11784"}],"wp:term":[{"taxonomy":"pwb-brand","embeddable":true,"href":"https:\/\/puregrowshop.com\/fr\/wp-json\/wp\/v2\/pwb-brand?post=11784"},{"taxonomy":"product_brand","embeddable":true,"href":"https:\/\/puregrowshop.com\/fr\/wp-json\/wp\/v2\/product_brand?post=11784"},{"taxonomy":"product_cat","embeddable":true,"href":"https:\/\/puregrowshop.com\/fr\/wp-json\/wp\/v2\/product_cat?post=11784"},{"taxonomy":"product_tag","embeddable":true,"href":"https:\/\/puregrowshop.com\/fr\/wp-json\/wp\/v2\/product_tag?post=11784"}],"curies":[{"name":"wp","href":"https:\/\/api.w.org\/{rel}","templated":true}]}}