{"id":11767,"date":"2024-10-28T20:00:09","date_gmt":"2024-10-28T20:00:09","guid":{"rendered":"https:\/\/puregrowshop.com\/tripart-micro-sw-agua-blanda-10-lt-terra-aquatica\/"},"modified":"2025-12-27T20:04:37","modified_gmt":"2025-12-27T20:04:37","slug":"tripart-micro-sw-agua-blanda-10-lt-terra-aquatica","status":"publish","type":"product","link":"https:\/\/puregrowshop.com\/fr\/tripart-micro-sw-agua-blanda-10-lt-terra-aquatica\/","title":{"rendered":"TriPart Micro SW (agua blanda) 10 lt. Terra Aquatica"},"content":{"rendered":"<p>Presentamos el &quot;Tri Part Micro SW (agua blanda) 10 lt. Terra Aquatica&quot;, un fertilizante de alta calidad dise\u00f1ado para proporcionar a sus plantas los nutrientes esenciales que necesitan para crecer fuertes y saludables. Este producto es ideal para cultivadores que buscan maximizar el potencial de sus cultivos con una soluci\u00f3n nutritiva completa y equilibrada.<\/p>\n<ul>\n<li>Peso: 12.6 kg<\/li>\n<li>Categor\u00eda: Fertilizantes<\/li>\n<li>Formulado espec\u00edficamente para agua blanda<\/li>\n<li>Volumen: 10 litros<\/li>\n<\/ul>\n<h4>Beneficios y Usos<\/h4>\n<p>Este fertilizante proporciona una mezcla equilibrada de micronutrientes, incluyendo calcio y hierro, que son esenciales para el desarrollo \u00f3ptimo de las plantas. Al usar Tri Part Micro SW, sus plantas experimentar\u00e1n un crecimiento m\u00e1s vigoroso, una floraci\u00f3n m\u00e1s rica y una mayor resistencia a las enfermedades.<\/p>\n<p>Composici\u00f3n:<\/p>\n<ul>\n<li>Nitr\u00f3geno, f\u00f3sforo y potasio<\/li>\n<li>Calcio<\/li>\n<li>Micronutrientes quelatados<\/li>\n<\/ul>\n<p>Instrucciones de uso y dosificaci\u00f3n:<\/p>\n<p>Agite bien antes de usar. Mezcle 5 ml por litro de agua durante las etapas de crecimiento y floraci\u00f3n. Ajuste la dosis seg\u00fan las necesidades espec\u00edficas de sus plantas. Utilice en combinaci\u00f3n con otros productos de la l\u00ednea Tri Part para obtener los mejores resultados. Recuerde siempre seguir las recomendaciones del fabricante para evitar la sobrealimentaci\u00f3n.<\/p>\n","protected":false},"excerpt":{"rendered":"<p>FloraMicro de GHE provee nitr\u00f3geno y calcio as\u00ed como todos los microelementos esenciales para un r\u00e9gimen completo. Estimula el crecimiento de las plantas, gracias a una mezcla especial de oligoelementos en forma de quelatos, y contiene diferentes tampones para la estabilizaci\u00f3n del pH, aumentando as\u00ed la disponibilidad de sales minerales en la soluci\u00f3n.<\/p>\n","protected":false},"featured_media":10208,"comment_status":"open","ping_status":"closed","template":"","meta":{"_bst_post_transparent":"","_bst_post_title":"","_bst_post_layout":"","_bst_post_sidebar_id":"","_bst_post_content_style":"","_bst_post_vertical_padding":"","_bst_post_feature":"","_bst_post_feature_position":"","_bst_post_header":false,"_bst_post_footer":false},"pwb-brand":[156],"product_brand":[],"product_cat":[39],"product_tag":[],"class_list":{"0":"post-11767","1":"product","2":"type-product","3":"status-publish","4":"has-post-thumbnail","6":"pwb-brand-terra-aquatica","7":"product_cat-fertilizantes","8":"product_shipping_class-entre-10-kg-y-20-kg","10":"first","11":"instock","12":"sale","13":"taxable","14":"shipping-taxable","15":"purchasable","16":"product-type-simple","17":"entry","18":"content-bg","19":"loop-entry"},"brands":[{"id":156,"name":"Terra Aquatica","slug":"terra-aquatica"}],"_links":{"self":[{"href":"https:\/\/puregrowshop.com\/fr\/wp-json\/wp\/v2\/product\/11767","targetHints":{"allow":["GET"]}}],"collection":[{"href":"https:\/\/puregrowshop.com\/fr\/wp-json\/wp\/v2\/product"}],"about":[{"href":"https:\/\/puregrowshop.com\/fr\/wp-json\/wp\/v2\/types\/product"}],"replies":[{"embeddable":true,"href":"https:\/\/puregrowshop.com\/fr\/wp-json\/wp\/v2\/comments?post=11767"}],"wp:featuredmedia":[{"embeddable":true,"href":"https:\/\/puregrowshop.com\/fr\/wp-json\/wp\/v2\/media\/10208"}],"wp:attachment":[{"href":"https:\/\/puregrowshop.com\/fr\/wp-json\/wp\/v2\/media?parent=11767"}],"wp:term":[{"taxonomy":"pwb-brand","embeddable":true,"href":"https:\/\/puregrowshop.com\/fr\/wp-json\/wp\/v2\/pwb-brand?post=11767"},{"taxonomy":"product_brand","embeddable":true,"href":"https:\/\/puregrowshop.com\/fr\/wp-json\/wp\/v2\/product_brand?post=11767"},{"taxonomy":"product_cat","embeddable":true,"href":"https:\/\/puregrowshop.com\/fr\/wp-json\/wp\/v2\/product_cat?post=11767"},{"taxonomy":"product_tag","embeddable":true,"href":"https:\/\/puregrowshop.com\/fr\/wp-json\/wp\/v2\/product_tag?post=11767"}],"curies":[{"name":"wp","href":"https:\/\/api.w.org\/{rel}","templated":true}]}}