{"id":11766,"date":"2024-10-28T20:00:09","date_gmt":"2024-10-28T20:00:09","guid":{"rendered":"https:\/\/puregrowshop.com\/tripart-micro-sw-agua-blanda-5-lt-terra-aquatica\/"},"modified":"2025-12-27T20:04:37","modified_gmt":"2025-12-27T20:04:37","slug":"tripart-micro-sw-agua-blanda-5-lt-terra-aquatica","status":"publish","type":"product","link":"https:\/\/puregrowshop.com\/fr\/tripart-micro-sw-agua-blanda-5-lt-terra-aquatica\/","title":{"rendered":"TriPart Micro SW (agua blanda)  5 lt. Terra Aquatica"},"content":{"rendered":"<p>Presentamos el &quot;Tri Part Micro SW (agua blanda) 5 lt. Terra Aquatica&quot;, un fertilizante de alta calidad dise\u00f1ado para proporcionar los nutrientes esenciales que tus plantas necesitan para un crecimiento \u00f3ptimo. Especialmente formulado para agua blanda, este producto es ideal para agricultores y jardineros que buscan maximizar el rendimiento de sus cultivos.<\/p>\n<ul>\n<li>Peso: 6.32 kg<\/li>\n<li>Categor\u00eda: Fertilizantes<\/li>\n<li>Capacidad: 5 litros<\/li>\n<li>Formulaci\u00f3n espec\u00edfica para agua blanda<\/li>\n<li>Proporciona micronutrientes esenciales<\/li>\n<\/ul>\n<p>Los beneficios del &quot;Tri Part Micro SW&quot; incluyen la mejora del crecimiento y desarrollo de las plantas, asegurando un balance de nutrientes que promueve una floraci\u00f3n exuberante y hojas saludables. Es compatible con una variedad de plantas, lo que lo hace una elecci\u00f3n vers\u00e1til para diferentes tipos de cultivos.<\/p>\n<p>La composici\u00f3n del &quot;Tri Part Micro SW&quot; incluye una mezcla equilibrada de micronutrientes como hierro, calcio y magnesio, esenciales para el metabolismo y la fotos\u00edntesis de las plantas.<\/p>\n<p>Para su uso, agita bien antes de usar y sigue las instrucciones de dosificaci\u00f3n proporcionadas en el envase. Generalmente, se recomienda diluir el producto en agua seg\u00fan las necesidades espec\u00edficas de tus plantas, ajustando la frecuencia de aplicaci\u00f3n de acuerdo con el ciclo de cultivo.<\/p>\n","protected":false},"excerpt":{"rendered":"<p>FloraMicro de GHE provee nitr\u00f3geno y calcio as\u00ed como todos los microelementos esenciales para un r\u00e9gimen completo. Estimula el crecimiento de las plantas, gracias a una mezcla especial de oligoelementos en forma de quelatos, y contiene diferentes tampones para la estabilizaci\u00f3n del pH, aumentando as\u00ed la disponibilidad de sales minerales en la soluci\u00f3n.<\/p>\n","protected":false},"featured_media":10206,"comment_status":"open","ping_status":"closed","template":"","meta":{"_bst_post_transparent":"","_bst_post_title":"","_bst_post_layout":"","_bst_post_sidebar_id":"","_bst_post_content_style":"","_bst_post_vertical_padding":"","_bst_post_feature":"","_bst_post_feature_position":"","_bst_post_header":false,"_bst_post_footer":false},"pwb-brand":[156],"product_brand":[],"product_cat":[39],"product_tag":[],"class_list":{"0":"post-11766","1":"product","2":"type-product","3":"status-publish","4":"has-post-thumbnail","6":"pwb-brand-terra-aquatica","7":"product_cat-fertilizantes","8":"product_shipping_class-entre-5-kg-y-10-kg","10":"first","11":"instock","12":"sale","13":"taxable","14":"shipping-taxable","15":"purchasable","16":"product-type-simple","17":"entry","18":"content-bg","19":"loop-entry"},"brands":[{"id":156,"name":"Terra Aquatica","slug":"terra-aquatica"}],"_links":{"self":[{"href":"https:\/\/puregrowshop.com\/fr\/wp-json\/wp\/v2\/product\/11766","targetHints":{"allow":["GET"]}}],"collection":[{"href":"https:\/\/puregrowshop.com\/fr\/wp-json\/wp\/v2\/product"}],"about":[{"href":"https:\/\/puregrowshop.com\/fr\/wp-json\/wp\/v2\/types\/product"}],"replies":[{"embeddable":true,"href":"https:\/\/puregrowshop.com\/fr\/wp-json\/wp\/v2\/comments?post=11766"}],"wp:featuredmedia":[{"embeddable":true,"href":"https:\/\/puregrowshop.com\/fr\/wp-json\/wp\/v2\/media\/10206"}],"wp:attachment":[{"href":"https:\/\/puregrowshop.com\/fr\/wp-json\/wp\/v2\/media?parent=11766"}],"wp:term":[{"taxonomy":"pwb-brand","embeddable":true,"href":"https:\/\/puregrowshop.com\/fr\/wp-json\/wp\/v2\/pwb-brand?post=11766"},{"taxonomy":"product_brand","embeddable":true,"href":"https:\/\/puregrowshop.com\/fr\/wp-json\/wp\/v2\/product_brand?post=11766"},{"taxonomy":"product_cat","embeddable":true,"href":"https:\/\/puregrowshop.com\/fr\/wp-json\/wp\/v2\/product_cat?post=11766"},{"taxonomy":"product_tag","embeddable":true,"href":"https:\/\/puregrowshop.com\/fr\/wp-json\/wp\/v2\/product_tag?post=11766"}],"curies":[{"name":"wp","href":"https:\/\/api.w.org\/{rel}","templated":true}]}}