{"id":11750,"date":"2024-10-28T20:00:05","date_gmt":"2024-10-28T20:00:05","guid":{"rendered":"https:\/\/puregrowshop.com\/silicate-1-lt-terra-aquatica\/"},"modified":"2025-12-27T20:04:18","modified_gmt":"2025-12-27T20:04:18","slug":"silicate-1-lt-terra-aquatica","status":"publish","type":"product","link":"https:\/\/puregrowshop.com\/fr\/silicate-1-lt-terra-aquatica\/","title":{"rendered":"Silicate 1 lt Terra Aquatica"},"content":{"rendered":"<p>El silicato es un elemento esencial para las plantas, especialmente cuando crecen con agua como sustrato. El nuevo Silicate contiene antiguos dep\u00f3sitos de materia org\u00e1nica biol\u00f3gicamente transformada, adem\u00e1s de arcilla de \u00e1cido sil\u00edcico formada naturalmente.<\/p>\n<p>Silicate proporciona una forma de silicio naturalmente soluble que entra en las c\u00e9lulas de las plantas y construye una defensa endurecida contra el ataque de enfermedades e insectos.<\/p>\n<p>Los coloides naturales de Silicate mejoran la capacidad de intercambio cati\u00f3nico de soluciones nutritivas, mejorando la disponibilidad de nutrientes para sus plantas.<\/p>\n<p>Silicate estabiliza el pH y los niveles de conductividad, lo que reduce las condiciones de estr\u00e9s de la planta y estimula un crecimiento m\u00e1s r\u00e1pido.<\/p>\n<p>Silicate tambi\u00e9n protege contra la toxicidad de los metales.<\/p>\n<p>Por \u00faltimo, Silicate contiene m\u00e1s de 60 minerales que a\u00f1aden m\u00e1s microelementos nutritivos para que las plantas prosperen.<\/p>\n<p>MODO DE EMPLEO:<br \/>   &#8211; En la base de cada planta espolvorear 1 cucharadita (aproximadamente 4g).<br \/>   &#8211; En soluci\u00f3n nutritiva : 4g\/10L.<br \/>   &#8211; Directamente en las hojas: 10 g a 50 g\/m2 o por pulverizaci\u00f3n foliar de una soluci\u00f3n de 4 g para 10 l de agua.<\/p>\n<p>NOTA IMPORTANTE: SILICATE MICROORGANISMOS BEN\u00c9FICOS:<\/p>\n<p>Silicate trabaja en sinergia con todos nuestros productos. Sin embargo, junto a microorganismos ben\u00e9ficos (Trikologic, Trikologic S), usar solo la aplicaci\u00f3n foliar o localizada en el cuello (aplicaci\u00f3n en seco) para evitar frenar el desarrollo de colonias de microorganismos beneficiosos en el sustrato.<\/p>\n<p>Por el contrario, en el cultivo en suelos abierto o en substratos Silicate estimula el crecimiento de microorganismos ben\u00e9ficos y ayuda a crear un entorno natural nutritivo, para unas plantas extremadamente sanas.<\/p>\n","protected":false},"excerpt":{"rendered":"<p>Proveniente de antiguos yacimientos, el nuevoSilicate es muy similar a la f\u00f3rmula anterior, con mejoras notables :<\/p>\n<p>   &#8211; Es m\u00e1s rico en silicato<br \/>   &#8211; El tama\u00f1o de las part\u00edculas es menor : lo cual permite una mejor solubilidad.<br \/>   &#8211; Incorpora m\u00e1s carbonatos para una mejor estabilidad del pH.<br \/>   &#8211; Proporciona calcio a las plantas.<\/p>\n","protected":false},"featured_media":10174,"comment_status":"open","ping_status":"closed","template":"","meta":{"_bst_post_transparent":"","_bst_post_title":"","_bst_post_layout":"","_bst_post_sidebar_id":"","_bst_post_content_style":"","_bst_post_vertical_padding":"","_bst_post_feature":"","_bst_post_feature_position":"","_bst_post_header":false,"_bst_post_footer":false},"pwb-brand":[156],"product_brand":[],"product_cat":[39],"product_tag":[],"class_list":{"0":"post-11750","1":"product","2":"type-product","3":"status-publish","4":"has-post-thumbnail","6":"pwb-brand-terra-aquatica","7":"product_cat-fertilizantes","9":"first","10":"instock","11":"sale","12":"taxable","13":"shipping-taxable","14":"purchasable","15":"product-type-simple","16":"entry","17":"content-bg","18":"loop-entry"},"brands":[{"id":156,"name":"Terra Aquatica","slug":"terra-aquatica"}],"_links":{"self":[{"href":"https:\/\/puregrowshop.com\/fr\/wp-json\/wp\/v2\/product\/11750","targetHints":{"allow":["GET"]}}],"collection":[{"href":"https:\/\/puregrowshop.com\/fr\/wp-json\/wp\/v2\/product"}],"about":[{"href":"https:\/\/puregrowshop.com\/fr\/wp-json\/wp\/v2\/types\/product"}],"replies":[{"embeddable":true,"href":"https:\/\/puregrowshop.com\/fr\/wp-json\/wp\/v2\/comments?post=11750"}],"wp:featuredmedia":[{"embeddable":true,"href":"https:\/\/puregrowshop.com\/fr\/wp-json\/wp\/v2\/media\/10174"}],"wp:attachment":[{"href":"https:\/\/puregrowshop.com\/fr\/wp-json\/wp\/v2\/media?parent=11750"}],"wp:term":[{"taxonomy":"pwb-brand","embeddable":true,"href":"https:\/\/puregrowshop.com\/fr\/wp-json\/wp\/v2\/pwb-brand?post=11750"},{"taxonomy":"product_brand","embeddable":true,"href":"https:\/\/puregrowshop.com\/fr\/wp-json\/wp\/v2\/product_brand?post=11750"},{"taxonomy":"product_cat","embeddable":true,"href":"https:\/\/puregrowshop.com\/fr\/wp-json\/wp\/v2\/product_cat?post=11750"},{"taxonomy":"product_tag","embeddable":true,"href":"https:\/\/puregrowshop.com\/fr\/wp-json\/wp\/v2\/product_tag?post=11750"}],"curies":[{"name":"wp","href":"https:\/\/api.w.org\/{rel}","templated":true}]}}