{"id":11745,"date":"2024-10-28T20:00:04","date_gmt":"2024-10-28T20:00:04","guid":{"rendered":"https:\/\/puregrowshop.com\/fulvic-5-lt-terra-aquatica\/"},"modified":"2025-12-27T20:04:18","modified_gmt":"2025-12-27T20:04:18","slug":"fulvic-5-lt-terra-aquatica","status":"publish","type":"product","link":"https:\/\/puregrowshop.com\/fr\/fulvic-5-lt-terra-aquatica\/","title":{"rendered":"Fulvic  5 lt. Terra Aquatica"},"content":{"rendered":"<p>Presentamos &quot;Fulvic 5 lt. Terra Aquatica&quot;, un fertilizante de alta calidad dise\u00f1ado para mejorar la salud y el rendimiento de sus plantas. Este producto es ideal para jardineros y agricultores que buscan maximizar el potencial de sus cultivos con un enfoque m\u00e1s natural y efectivo.<\/p>\n<ul>\n<li>Peso: 5.4 kg<\/li>\n<li>Categor\u00eda: Fertilizantes<\/li>\n<li>Volumen: 5 litros<\/li>\n<li>Aplicaci\u00f3n: Adecuado para todo tipo de plantas<\/li>\n<\/ul>\n<h4>Beneficios y Usos<\/h4>\n<p>Este fertilizante se centra en mejorar la absorci\u00f3n de nutrientes, lo que resulta en un crecimiento m\u00e1s vigoroso y saludable. Ayuda a mejorar la estructura del suelo y promueve un ecosistema radicular fuerte, permitiendo que las plantas sean m\u00e1s resistentes a las enfermedades y al estr\u00e9s ambiental. Ideal para su uso en cultivos hidrop\u00f3nicos, en suelo y en cualquier tipo de medio de cultivo.<\/p>\n<p>Composici\u00f3n:<\/p>\n<p>Contiene \u00e1cidos f\u00falvicos de alta pureza, conocidos por su capacidad para aumentar la absorci\u00f3n de micronutrientes esenciales.<\/p>\n<p>Instrucciones de Uso y Dosificaci\u00f3n:<\/p>\n<p>Diluir 2-5 ml de Fulvic por cada litro de agua y aplicar directamente al suelo o medio de cultivo. Para mejores resultados, use de forma regular durante todo el ciclo de crecimiento de la planta. Ajuste la dosis seg\u00fan las necesidades espec\u00edficas de sus plantas y condiciones de cultivo.<\/p>\n","protected":false},"excerpt":{"rendered":"<p>Fulvic es un extracto exclusivo de \u00e1cido f\u00falvico, muy rico en substancias org\u00e1nicas y minerales esenciales para las plantas.<\/p>\n<p>Es un estimulador para todas las fases del crecimiento. Debido a una acci\u00f3n reguladora y quelatante, as\u00ed como a su gran capacidad de cambios i\u00f3nicos:<\/p>\n<p>Mejora la capacidad de los elementos nutritivos para la planta, convirti\u00e9ndolos en part\u00edculas de f\u00e1cil asimilaci\u00f3n.<br \/>Hace llegar estos elementos en todas las partes de la planta: ra\u00edces, troncos, hojas, flores y frutos.<br \/>Ofrece a los cultivadores los beneficios de un elemento org\u00e1nico natural, en forma l\u00edquida.<br \/>En hidropon\u00eda y en cultivos sin substrato en general, contribuye a crear un entorno m\u00e1s similar a la tierra.<br \/>Diamond Nectar se puede aplicar a todas las plantas cultivadas: ornamentales, culinarias y medicinales, frutas, legumbres, \u00e1rboles, etc.<\/p>\n<p>Se utiliza en hidropon\u00eda y en substrato, en la soluci\u00f3n nutritiva o en aplicaci\u00f3n foliar.<br \/>Diamond Nectar es un aditivo que se utiliza en combinaci\u00f3n con abonos completos. Combinado con programas nutritivos convencionales producir\u00e1 plantas vigorosas, cosechas m\u00e1s precoces y m\u00e1s abundantes y, por supuesto, intensifica la calidad de sabor y de esencias a las cuales os hemos acostumbrado.<\/p>\n","protected":false},"featured_media":10164,"comment_status":"open","ping_status":"closed","template":"","meta":{"_bst_post_transparent":"","_bst_post_title":"","_bst_post_layout":"","_bst_post_sidebar_id":"","_bst_post_content_style":"","_bst_post_vertical_padding":"","_bst_post_feature":"","_bst_post_feature_position":"","_bst_post_header":false,"_bst_post_footer":false},"pwb-brand":[156],"product_brand":[],"product_cat":[39],"product_tag":[],"class_list":{"0":"post-11745","1":"product","2":"type-product","3":"status-publish","4":"has-post-thumbnail","6":"pwb-brand-terra-aquatica","7":"product_cat-fertilizantes","9":"first","10":"instock","11":"sale","12":"taxable","13":"shipping-taxable","14":"purchasable","15":"product-type-simple","16":"entry","17":"content-bg","18":"loop-entry"},"brands":[{"id":156,"name":"Terra Aquatica","slug":"terra-aquatica"}],"_links":{"self":[{"href":"https:\/\/puregrowshop.com\/fr\/wp-json\/wp\/v2\/product\/11745","targetHints":{"allow":["GET"]}}],"collection":[{"href":"https:\/\/puregrowshop.com\/fr\/wp-json\/wp\/v2\/product"}],"about":[{"href":"https:\/\/puregrowshop.com\/fr\/wp-json\/wp\/v2\/types\/product"}],"replies":[{"embeddable":true,"href":"https:\/\/puregrowshop.com\/fr\/wp-json\/wp\/v2\/comments?post=11745"}],"wp:featuredmedia":[{"embeddable":true,"href":"https:\/\/puregrowshop.com\/fr\/wp-json\/wp\/v2\/media\/10164"}],"wp:attachment":[{"href":"https:\/\/puregrowshop.com\/fr\/wp-json\/wp\/v2\/media?parent=11745"}],"wp:term":[{"taxonomy":"pwb-brand","embeddable":true,"href":"https:\/\/puregrowshop.com\/fr\/wp-json\/wp\/v2\/pwb-brand?post=11745"},{"taxonomy":"product_brand","embeddable":true,"href":"https:\/\/puregrowshop.com\/fr\/wp-json\/wp\/v2\/product_brand?post=11745"},{"taxonomy":"product_cat","embeddable":true,"href":"https:\/\/puregrowshop.com\/fr\/wp-json\/wp\/v2\/product_cat?post=11745"},{"taxonomy":"product_tag","embeddable":true,"href":"https:\/\/puregrowshop.com\/fr\/wp-json\/wp\/v2\/product_tag?post=11745"}],"curies":[{"name":"wp","href":"https:\/\/api.w.org\/{rel}","templated":true}]}}