{"id":11718,"date":"2024-10-28T19:59:58","date_gmt":"2024-10-28T19:59:58","guid":{"rendered":"https:\/\/puregrowshop.com\/calcio-magnesio-500-ml-terra-aquatica\/"},"modified":"2025-12-27T20:03:42","modified_gmt":"2025-12-27T20:03:42","slug":"calcio-magnesio-500-ml-terra-aquatica","status":"publish","type":"product","link":"https:\/\/puregrowshop.com\/fr\/calcio-magnesio-500-ml-terra-aquatica\/","title":{"rendered":"Calcio Magnesio  500 ml. Terra Aquatica"},"content":{"rendered":"<p>El GHE Suplemento de Calcio y Magnesio proporciona calcio y magnesio concentrados en una forma altamente biodisponible, limpia y soluble, evitando as\u00ed la formaci\u00f3n de obstrucciones. Es compatible con la mayor\u00eda de los reg\u00edmenes de nutrientes.<\/p>\n<p>El GHE Suplemento de Calcio y Magnesio tambi\u00e9n es \u00fatil a la hora de contrarrestar la retenci\u00f3n de calcio que se produce en los cultivos en fibra de coco con nutrientes ecol\u00f3gicos o al expandirse los cubos de fibra de coco comprimida.<\/p>\n<p>Advertencia: No lo utilice con las f\u00f3rmulas de FloraCoco\u00ae o FloraNova\u00ae de GHE para agua blanda, pues ya contienen el calcio suficiente incluso para los sistemas de agua de osmosis inversa.<\/p>\n<p>Adem\u00e1s, todos los productos en fibra de coco de GHE son previamente limpiados y estabilizados; puede empezar a cultivar sac\u00e1ndolos directamente de la bolsa, sin llevar a cabo ning\u00fan tratamiento.<\/p>\n<p>Para el resto de situaciones:<\/p>\n<p>Utilice 1.5 ml\/L en la mayor\u00eda de las aplicaciones, incluyendo cultivos ecol\u00f3gicos y de alta demanda.<\/p>\n<p>Si trabaja con osmosis inversa, agregue 2ml\/L antes de a\u00f1adir la soluci\u00f3n nutritiva.<\/p>\n<p>Si cultiva en fibra de coco, usando mezclas preparadas para hidropon\u00eda o para cultivos en suelo, o expandiendo fibra de coco comprimida, utilice de 1 a 1.5 ml\/L para empapar el medio; despu\u00e9s, a\u00f1\u00e1dalo en la misma proporci\u00f3n a la soluci\u00f3n nutritiva durante las primeras dos semanas. El uso continuado puede ser \u00fatil para plantas anuales de crecimiento r\u00e1pido.<\/p>\n","protected":false},"excerpt":{"rendered":"<p>La correcta disponibilidad de calcio y magnesio es vital a la hora de optimizar la nutrici\u00f3n de las plantas de crecimiento r\u00e1pido. Ayuda a prevenir las deficiencias de nutrientes secundarios, refuerza el crecimiento y la fructificaci\u00f3n, previene la podredumbre apical de los frutos y las quemaduras en la punta de las hojas en muchos cultivos especialmente intensivos como los de tomate o de lechuga.<\/p>\n","protected":false},"featured_media":10110,"comment_status":"open","ping_status":"closed","template":"","meta":{"_bst_post_transparent":"","_bst_post_title":"","_bst_post_layout":"","_bst_post_sidebar_id":"","_bst_post_content_style":"","_bst_post_vertical_padding":"","_bst_post_feature":"","_bst_post_feature_position":"","_bst_post_header":false,"_bst_post_footer":false},"pwb-brand":[156],"product_brand":[],"product_cat":[39],"product_tag":[],"class_list":{"0":"post-11718","1":"product","2":"type-product","3":"status-publish","4":"has-post-thumbnail","6":"pwb-brand-terra-aquatica","7":"product_cat-fertilizantes","9":"first","10":"instock","11":"sale","12":"taxable","13":"shipping-taxable","14":"purchasable","15":"product-type-simple","16":"entry","17":"content-bg","18":"loop-entry"},"brands":[{"id":156,"name":"Terra Aquatica","slug":"terra-aquatica"}],"_links":{"self":[{"href":"https:\/\/puregrowshop.com\/fr\/wp-json\/wp\/v2\/product\/11718","targetHints":{"allow":["GET"]}}],"collection":[{"href":"https:\/\/puregrowshop.com\/fr\/wp-json\/wp\/v2\/product"}],"about":[{"href":"https:\/\/puregrowshop.com\/fr\/wp-json\/wp\/v2\/types\/product"}],"replies":[{"embeddable":true,"href":"https:\/\/puregrowshop.com\/fr\/wp-json\/wp\/v2\/comments?post=11718"}],"wp:featuredmedia":[{"embeddable":true,"href":"https:\/\/puregrowshop.com\/fr\/wp-json\/wp\/v2\/media\/10110"}],"wp:attachment":[{"href":"https:\/\/puregrowshop.com\/fr\/wp-json\/wp\/v2\/media?parent=11718"}],"wp:term":[{"taxonomy":"pwb-brand","embeddable":true,"href":"https:\/\/puregrowshop.com\/fr\/wp-json\/wp\/v2\/pwb-brand?post=11718"},{"taxonomy":"product_brand","embeddable":true,"href":"https:\/\/puregrowshop.com\/fr\/wp-json\/wp\/v2\/product_brand?post=11718"},{"taxonomy":"product_cat","embeddable":true,"href":"https:\/\/puregrowshop.com\/fr\/wp-json\/wp\/v2\/product_cat?post=11718"},{"taxonomy":"product_tag","embeddable":true,"href":"https:\/\/puregrowshop.com\/fr\/wp-json\/wp\/v2\/product_tag?post=11718"}],"curies":[{"name":"wp","href":"https:\/\/api.w.org\/{rel}","templated":true}]}}