{"id":11715,"date":"2024-10-28T19:59:58","date_gmt":"2024-10-28T19:59:58","guid":{"rendered":"https:\/\/puregrowshop.com\/dry-part-bloom-1-kg-terra-aquatica-maxi-bloom\/"},"modified":"2025-12-27T20:03:42","modified_gmt":"2025-12-27T20:03:42","slug":"dry-part-bloom-1-kg-terra-aquatica-maxi-bloom","status":"publish","type":"product","link":"https:\/\/puregrowshop.com\/fr\/dry-part-bloom-1-kg-terra-aquatica-maxi-bloom\/","title":{"rendered":"Dry Part Bloom 1 Kg. Terra Aquatica (Maxi Bloom)"},"content":{"rendered":"<p>Descubre el poder de &quot;Dry Part Bloom 1 Kg. Terra Aquatica (Maxi Bloom)&quot;, el fertilizante esencial para el crecimiento \u00f3ptimo de tus plantas en la fase de floraci\u00f3n. Dise\u00f1ado para maximizar el rendimiento y mejorar la calidad de tus cultivos, Maxi Bloom es la elecci\u00f3n preferida por jardineros y cultivadores profesionales.<\/p>\n<ul>\n<li>Peso: 1.02 kg<\/li>\n<li>Categor\u00eda: Fertilizantes<\/li>\n<li>Formato: Polvo seco<\/li>\n<li>Alta solubilidad para una absorci\u00f3n r\u00e1pida<\/li>\n<li>Apto para todo tipo de sustratos y sistemas de cultivo<\/li>\n<\/ul>\n<p>Maxi Bloom proporciona todos los nutrientes cr\u00edticos que tus plantas necesitan durante la fase de floraci\u00f3n, promoviendo una floraci\u00f3n exuberante y unos rendimientos superiores. Ideal para todo tipo de cultivos, mejora la estructura celular y potencia la producci\u00f3n de aceites naturales y aromas.<\/p>\n<p>Composici\u00f3n: Contiene una f\u00f3rmula balanceada de macronutrientes y micronutrientes esenciales que garantizan un crecimiento robusto y una floraci\u00f3n prol\u00edfica.<\/p>\n<p>Instrucciones de uso: Disolver el producto en agua y aplicar seg\u00fan el tipo de cultivo y sistema de riego utilizado. Dosificaci\u00f3n recomendada: 5 gramos por cada 10 litros de agua durante la fase de floraci\u00f3n. Adaptar seg\u00fan las necesidades espec\u00edficas de la planta y las condiciones de cultivo.<\/p>\n","protected":false},"excerpt":{"rendered":"<p>MaxiGro y MaxiBloom son f\u00f3rmulas muy concentradas y se disuelven r\u00e1pidamente en el agua. Debido su dise\u00f1o s\u00f3lido se pueden transportar y almacenar f\u00e1cilmente, lo que las convierte en elecci\u00f3n muy habitual entre los jardineros que trabajan en exterior.<\/p>\n<p>Esta doble fuente de nutrientes incluye MaxiGro y MaxiBloom, un d\u00fao de fertilizantes aut\u00f3nomos y solubles en agua con nutrientes primarios, secundarios y micronutrientes. Gracias a sus f\u00f3rmulas completas de pH tamponado, el pH se mantiene estable una vez alcanzado el nivel deseado. <\/p>\n","protected":false},"featured_media":10104,"comment_status":"open","ping_status":"closed","template":"","meta":{"_bst_post_transparent":"","_bst_post_title":"","_bst_post_layout":"","_bst_post_sidebar_id":"","_bst_post_content_style":"","_bst_post_vertical_padding":"","_bst_post_feature":"","_bst_post_feature_position":"","_bst_post_header":false,"_bst_post_footer":false},"pwb-brand":[156],"product_brand":[],"product_cat":[39],"product_tag":[],"class_list":{"0":"post-11715","1":"product","2":"type-product","3":"status-publish","4":"has-post-thumbnail","6":"pwb-brand-terra-aquatica","7":"product_cat-fertilizantes","9":"first","10":"instock","11":"sale","12":"taxable","13":"shipping-taxable","14":"purchasable","15":"product-type-simple","16":"entry","17":"content-bg","18":"loop-entry"},"brands":[{"id":156,"name":"Terra Aquatica","slug":"terra-aquatica"}],"_links":{"self":[{"href":"https:\/\/puregrowshop.com\/fr\/wp-json\/wp\/v2\/product\/11715","targetHints":{"allow":["GET"]}}],"collection":[{"href":"https:\/\/puregrowshop.com\/fr\/wp-json\/wp\/v2\/product"}],"about":[{"href":"https:\/\/puregrowshop.com\/fr\/wp-json\/wp\/v2\/types\/product"}],"replies":[{"embeddable":true,"href":"https:\/\/puregrowshop.com\/fr\/wp-json\/wp\/v2\/comments?post=11715"}],"wp:featuredmedia":[{"embeddable":true,"href":"https:\/\/puregrowshop.com\/fr\/wp-json\/wp\/v2\/media\/10104"}],"wp:attachment":[{"href":"https:\/\/puregrowshop.com\/fr\/wp-json\/wp\/v2\/media?parent=11715"}],"wp:term":[{"taxonomy":"pwb-brand","embeddable":true,"href":"https:\/\/puregrowshop.com\/fr\/wp-json\/wp\/v2\/pwb-brand?post=11715"},{"taxonomy":"product_brand","embeddable":true,"href":"https:\/\/puregrowshop.com\/fr\/wp-json\/wp\/v2\/product_brand?post=11715"},{"taxonomy":"product_cat","embeddable":true,"href":"https:\/\/puregrowshop.com\/fr\/wp-json\/wp\/v2\/product_cat?post=11715"},{"taxonomy":"product_tag","embeddable":true,"href":"https:\/\/puregrowshop.com\/fr\/wp-json\/wp\/v2\/product_tag?post=11715"}],"curies":[{"name":"wp","href":"https:\/\/api.w.org\/{rel}","templated":true}]}}