{"id":11709,"date":"2024-10-28T19:59:57","date_gmt":"2024-10-28T19:59:57","guid":{"rendered":"https:\/\/puregrowshop.com\/biosevia-bloom-500-ml-terra-aquatica\/"},"modified":"2025-12-27T20:03:33","modified_gmt":"2025-12-27T20:03:33","slug":"biosevia-bloom-500-ml-terra-aquatica","status":"publish","type":"product","link":"https:\/\/puregrowshop.com\/fr\/biosevia-bloom-500-ml-terra-aquatica\/","title":{"rendered":"Biosevia Bloom  500 ml. Terra Aquatica"},"content":{"rendered":"<p>Es un abono completo<br \/>Su composici\u00f3n espec\u00edfica y su excelente solubilidad hacen de \u00e9l un abono de f\u00e1cil asimilaci\u00f3n para la planta.<br \/>Contiene \u00e1cido f\u00falvico y \u00e1cidos h\u00famicos necesarios que mejoran las condiciones del suelo y aumentan la capacidad de asimilaci\u00f3n de las plantas.<br \/>Da a los productos un sabor levemente azucarado, muy agradable<br \/>&#8230; \u00a1 y se utiliza en cultivo hidrop\u00f3nico !<\/p>\n","protected":false},"excerpt":{"rendered":"<p>BioSevia es un abobo 100% biol\u00f3gico &#8211; y completo. En efecto, durante los \u00faltimos 4 a\u00f1os hemos realizado estudios y pruebas intensivas para obtener un abono que contiene todos los elementos que necesita la planta para un crecimiento perfecto, y que responde al mismo tiempo a todas las condiciones requeridas para un registro biol\u00f3gico oficial, tanto en Francia como en el resto del mundo.<\/p>\n","protected":false},"featured_media":10092,"comment_status":"open","ping_status":"closed","template":"","meta":{"_bst_post_transparent":"","_bst_post_title":"","_bst_post_layout":"","_bst_post_sidebar_id":"","_bst_post_content_style":"","_bst_post_vertical_padding":"","_bst_post_feature":"","_bst_post_feature_position":"","_bst_post_header":false,"_bst_post_footer":false},"pwb-brand":[156],"product_brand":[],"product_cat":[39],"product_tag":[],"class_list":{"0":"post-11709","1":"product","2":"type-product","3":"status-publish","4":"has-post-thumbnail","6":"pwb-brand-terra-aquatica","7":"product_cat-fertilizantes","9":"first","10":"instock","11":"sale","12":"taxable","13":"shipping-taxable","14":"purchasable","15":"product-type-simple","16":"entry","17":"content-bg","18":"loop-entry"},"brands":[{"id":156,"name":"Terra Aquatica","slug":"terra-aquatica"}],"_links":{"self":[{"href":"https:\/\/puregrowshop.com\/fr\/wp-json\/wp\/v2\/product\/11709","targetHints":{"allow":["GET"]}}],"collection":[{"href":"https:\/\/puregrowshop.com\/fr\/wp-json\/wp\/v2\/product"}],"about":[{"href":"https:\/\/puregrowshop.com\/fr\/wp-json\/wp\/v2\/types\/product"}],"replies":[{"embeddable":true,"href":"https:\/\/puregrowshop.com\/fr\/wp-json\/wp\/v2\/comments?post=11709"}],"wp:featuredmedia":[{"embeddable":true,"href":"https:\/\/puregrowshop.com\/fr\/wp-json\/wp\/v2\/media\/10092"}],"wp:attachment":[{"href":"https:\/\/puregrowshop.com\/fr\/wp-json\/wp\/v2\/media?parent=11709"}],"wp:term":[{"taxonomy":"pwb-brand","embeddable":true,"href":"https:\/\/puregrowshop.com\/fr\/wp-json\/wp\/v2\/pwb-brand?post=11709"},{"taxonomy":"product_brand","embeddable":true,"href":"https:\/\/puregrowshop.com\/fr\/wp-json\/wp\/v2\/product_brand?post=11709"},{"taxonomy":"product_cat","embeddable":true,"href":"https:\/\/puregrowshop.com\/fr\/wp-json\/wp\/v2\/product_cat?post=11709"},{"taxonomy":"product_tag","embeddable":true,"href":"https:\/\/puregrowshop.com\/fr\/wp-json\/wp\/v2\/product_tag?post=11709"}],"curies":[{"name":"wp","href":"https:\/\/api.w.org\/{rel}","templated":true}]}}