{"id":11708,"date":"2024-10-28T19:59:57","date_gmt":"2024-10-28T19:59:57","guid":{"rendered":"https:\/\/puregrowshop.com\/bio-bloom-30-ml-terra-aquatica\/"},"modified":"2025-12-27T20:03:33","modified_gmt":"2025-12-27T20:03:33","slug":"bio-bloom-30-ml-terra-aquatica","status":"publish","type":"product","link":"https:\/\/puregrowshop.com\/fr\/bio-bloom-30-ml-terra-aquatica\/","title":{"rendered":"Bio Bloom   30 ml. Terra Aquatica"},"content":{"rendered":"<p> -En tierra: activa los micro-organismos, estimulando as\u00ed la circulaci\u00f3n y absorci\u00f3n de las sustancias nutritivas.<\/p>\n<p> -Aumenta el tama\u00f1o de las hojas y mejora el proceso de fotos\u00edntesis.<\/p>\n<p> -Favorece particularmente la asimilaci\u00f3n de calcio.<\/p>\n<p> -Bio Bloom es un activador de crecimiento, pero tambi\u00e9n de floraci\u00f3n, en la medida que una asimilaci\u00f3n armoniosa aumenta la inmunidad natural y permite una mejor resistencia a las enfermedades. La cosecha ser\u00e1 m\u00e1s sana y la producci\u00f3n mejorar\u00e1.<\/p>\n<p> Composici\u00f3n: Bio Bloom est\u00e1 compuesto por esencias de plantas y frutos, y aceites. Es 100% natural. Como Bio Protect y Bio Roots, proviene de un reciclado ecol\u00f3gico, obtenido sin el aporte de productos qu\u00edmicos o sint\u00e9ticos, y sin abonos artificiales.<\/p>\n<p> Aplicaci\u00f3n: Directamente en la soluci\u00f3n nutritiva 1.5ml\/ 10l.<\/p>\n<p> -Se aconseja muy especialmente utilizar Bio Bloom y Bio Roots juntos despu\u00e9s del comienzo del crecimiento.<\/p>\n<p> -Despu\u00e9s del desarrollo de las ra\u00edces, detenga el uso de Bio Roots y contin\u00fae s\u00f3lo con Bio Bloom hasta 10 d\u00edas antes del fin de la floraci\u00f3n.<\/p>\n","protected":false},"excerpt":{"rendered":"<p>Bio Bloom es un activador del crecimiento y de la floraci\u00f3n:<\/p>\n<p>Una de sus propiedades espec\u00edficas es la reubicaci\u00f3n de los elementos nutritivos en la planta, escogiendo aquellas partes que tienen m\u00e1s carencias. Al asegurar un reparto nutritivo armonioso, aumenta en m\u00e1s del 20% el poder de absorci\u00f3n y de crecimiento de las plantas.<\/p>\n","protected":false},"featured_media":10090,"comment_status":"open","ping_status":"closed","template":"","meta":{"_bst_post_transparent":"","_bst_post_title":"","_bst_post_layout":"","_bst_post_sidebar_id":"","_bst_post_content_style":"","_bst_post_vertical_padding":"","_bst_post_feature":"","_bst_post_feature_position":"","_bst_post_header":false,"_bst_post_footer":false},"pwb-brand":[156],"product_brand":[],"product_cat":[39],"product_tag":[],"class_list":{"0":"post-11708","1":"product","2":"type-product","3":"status-publish","4":"has-post-thumbnail","6":"pwb-brand-terra-aquatica","7":"product_cat-fertilizantes","9":"first","10":"instock","11":"sale","12":"taxable","13":"shipping-taxable","14":"purchasable","15":"product-type-simple","16":"entry","17":"content-bg","18":"loop-entry"},"brands":[{"id":156,"name":"Terra Aquatica","slug":"terra-aquatica"}],"_links":{"self":[{"href":"https:\/\/puregrowshop.com\/fr\/wp-json\/wp\/v2\/product\/11708","targetHints":{"allow":["GET"]}}],"collection":[{"href":"https:\/\/puregrowshop.com\/fr\/wp-json\/wp\/v2\/product"}],"about":[{"href":"https:\/\/puregrowshop.com\/fr\/wp-json\/wp\/v2\/types\/product"}],"replies":[{"embeddable":true,"href":"https:\/\/puregrowshop.com\/fr\/wp-json\/wp\/v2\/comments?post=11708"}],"wp:featuredmedia":[{"embeddable":true,"href":"https:\/\/puregrowshop.com\/fr\/wp-json\/wp\/v2\/media\/10090"}],"wp:attachment":[{"href":"https:\/\/puregrowshop.com\/fr\/wp-json\/wp\/v2\/media?parent=11708"}],"wp:term":[{"taxonomy":"pwb-brand","embeddable":true,"href":"https:\/\/puregrowshop.com\/fr\/wp-json\/wp\/v2\/pwb-brand?post=11708"},{"taxonomy":"product_brand","embeddable":true,"href":"https:\/\/puregrowshop.com\/fr\/wp-json\/wp\/v2\/product_brand?post=11708"},{"taxonomy":"product_cat","embeddable":true,"href":"https:\/\/puregrowshop.com\/fr\/wp-json\/wp\/v2\/product_cat?post=11708"},{"taxonomy":"product_tag","embeddable":true,"href":"https:\/\/puregrowshop.com\/fr\/wp-json\/wp\/v2\/product_tag?post=11708"}],"curies":[{"name":"wp","href":"https:\/\/api.w.org\/{rel}","templated":true}]}}