{"id":11707,"date":"2024-10-28T19:59:57","date_gmt":"2024-10-28T19:59:57","guid":{"rendered":"https:\/\/puregrowshop.com\/diamond-nectar-60-lt-terra-aquatica\/"},"modified":"2025-12-27T20:03:33","modified_gmt":"2025-12-27T20:03:33","slug":"diamond-nectar-60-lt-terra-aquatica","status":"publish","type":"product","link":"https:\/\/puregrowshop.com\/fr\/diamond-nectar-60-lt-terra-aquatica\/","title":{"rendered":"Diamond Nectar 60 lt. Terra Aquatica"},"content":{"rendered":"<p>Descubra el poder de &quot;Diamond Nectar 60 lt. Terra Aquatica&quot;, un fertilizante l\u00edquido de alta calidad dise\u00f1ado para maximizar el crecimiento y la salud de sus plantas. Ideal para agricultores y jardineros que buscan resultados \u00f3ptimos, este producto ofrece una soluci\u00f3n avanzada para nutrir de manera eficiente.<\/p>\n<ul>\n<li>Peso: 65.3 kg<\/li>\n<li>Categor\u00eda: Fertilizantes<\/li>\n<li>Formulaci\u00f3n l\u00edquida para facilitar la aplicaci\u00f3n<\/li>\n<li>Compatible con una amplia variedad de plantas<\/li>\n<\/ul>\n<p>Diamond Nectar mejora la absorci\u00f3n de nutrientes esenciales, promoviendo un crecimiento vigoroso y una mayor resistencia a enfermedades. Su uso regular resulta en plantas m\u00e1s saludables y cosechas abundantes. Es perfecto para su uso en sistemas de cultivo hidrop\u00f3nico, as\u00ed como en cultivos tradicionales.<\/p>\n<p>Compuesto por \u00e1cidos h\u00famicos, este fertilizante potencia la actividad biol\u00f3gica del suelo, enriqueciendo el entorno radicular y mejorando la disponibilidad de nutrientes.<\/p>\n<p>Para obtener los mejores resultados, agite bien antes de usar y a\u00f1ada 1-2 ml por litro de agua en su soluci\u00f3n de nutrientes. Aplique semanalmente durante la fase de crecimiento para asegurar un desarrollo \u00f3ptimo.<\/p>\n","protected":false},"excerpt":{"rendered":"<p>Diamond Nectar de General Hydroponics es un extracto exclusivo de \u00e1cido f\u00falvico, muy rico en substancias org\u00e1nicas y minerales esenciales para las plantas.<\/p>\n<p>Es un estimulador para todas las fases del crecimiento. Debido a una acci\u00f3n reguladora y quelatante, as\u00ed como a su gran capacidad de cambios i\u00f3nicos:<\/p>\n<p>Mejora la capacidad de los elementos nutritivos para la planta, convirti\u00e9ndolos en part\u00edculas de f\u00e1cil asimilaci\u00f3n.<br \/>Hace llegar estos elementos en todas las partes de la planta: ra\u00edces, troncos, hojas, flores y frutos.<br \/>Ofrece a los cultivadores los beneficios de un elemento org\u00e1nico natural, en forma l\u00edquida.<br \/>En hidropon\u00eda y en cultivos sin substrato en general, contribuye a crear un entorno m\u00e1s similar a la tierra.<br \/>Diamond Nectar se puede aplicar a todas las plantas cultivadas: ornamentales, culinarias y medicinales, frutas, legumbres, \u00e1rboles, etc.<\/p>\n<p>Se utiliza en hidropon\u00eda y en substrato, en la soluci\u00f3n nutritiva o en aplicaci\u00f3n foliar.<br \/>Diamond Nectar es un aditivo que se utiliza en combinaci\u00f3n con abonos completos. Combinado con programas nutritivos convencionales producir\u00e1 plantas vigorosas, cosechas m\u00e1s precoces y m\u00e1s abundantes y, por supuesto, intensifica la calidad de sabor y de esencias a las cuales os hemos acostumbrado.<\/p>\n","protected":false},"featured_media":10088,"comment_status":"open","ping_status":"closed","template":"","meta":{"_bst_post_transparent":"","_bst_post_title":"","_bst_post_layout":"","_bst_post_sidebar_id":"","_bst_post_content_style":"","_bst_post_vertical_padding":"","_bst_post_feature":"","_bst_post_feature_position":"","_bst_post_header":false,"_bst_post_footer":false},"pwb-brand":[156],"product_brand":[],"product_cat":[39],"product_tag":[],"class_list":{"0":"post-11707","1":"product","2":"type-product","3":"status-publish","4":"has-post-thumbnail","6":"pwb-brand-terra-aquatica","7":"product_cat-fertilizantes","9":"first","10":"instock","11":"sale","12":"taxable","13":"shipping-taxable","14":"purchasable","15":"product-type-simple","16":"entry","17":"content-bg","18":"loop-entry"},"brands":[{"id":156,"name":"Terra Aquatica","slug":"terra-aquatica"}],"_links":{"self":[{"href":"https:\/\/puregrowshop.com\/fr\/wp-json\/wp\/v2\/product\/11707","targetHints":{"allow":["GET"]}}],"collection":[{"href":"https:\/\/puregrowshop.com\/fr\/wp-json\/wp\/v2\/product"}],"about":[{"href":"https:\/\/puregrowshop.com\/fr\/wp-json\/wp\/v2\/types\/product"}],"replies":[{"embeddable":true,"href":"https:\/\/puregrowshop.com\/fr\/wp-json\/wp\/v2\/comments?post=11707"}],"wp:featuredmedia":[{"embeddable":true,"href":"https:\/\/puregrowshop.com\/fr\/wp-json\/wp\/v2\/media\/10088"}],"wp:attachment":[{"href":"https:\/\/puregrowshop.com\/fr\/wp-json\/wp\/v2\/media?parent=11707"}],"wp:term":[{"taxonomy":"pwb-brand","embeddable":true,"href":"https:\/\/puregrowshop.com\/fr\/wp-json\/wp\/v2\/pwb-brand?post=11707"},{"taxonomy":"product_brand","embeddable":true,"href":"https:\/\/puregrowshop.com\/fr\/wp-json\/wp\/v2\/product_brand?post=11707"},{"taxonomy":"product_cat","embeddable":true,"href":"https:\/\/puregrowshop.com\/fr\/wp-json\/wp\/v2\/product_cat?post=11707"},{"taxonomy":"product_tag","embeddable":true,"href":"https:\/\/puregrowshop.com\/fr\/wp-json\/wp\/v2\/product_tag?post=11707"}],"curies":[{"name":"wp","href":"https:\/\/api.w.org\/{rel}","templated":true}]}}