{"id":11704,"date":"2024-10-28T19:59:57","date_gmt":"2024-10-28T19:59:57","guid":{"rendered":"https:\/\/puregrowshop.com\/pro-roots-60-ml-terra-aquatica\/"},"modified":"2025-12-27T20:03:33","modified_gmt":"2025-12-27T20:03:33","slug":"pro-roots-60-ml-terra-aquatica","status":"publish","type":"product","link":"https:\/\/puregrowshop.com\/fr\/pro-roots-60-ml-terra-aquatica\/","title":{"rendered":"Pro Roots   60 ml. Terra Aquatica"},"content":{"rendered":"<p>Descubre el poder de &quot;Pro Roots 60 ml. Terra Aquatica&quot;, un fertilizante revolucionario dise\u00f1ado para potenciar el crecimiento y la salud de tus plantas desde la ra\u00edz. Ideal para jardineros y cultivadores que buscan resultados excepcionales, este producto es la soluci\u00f3n definitiva para un desarrollo vegetal \u00f3ptimo.<\/p>\n<ul>\n<li>Peso: 0.08 kg<\/li>\n<li>Categor\u00eda: Fertilizantes<\/li>\n<li>Formato: L\u00edquido de 60 ml<\/li>\n<\/ul>\n<h4>Beneficios y Usos<\/h4>\n<p>&quot;Pro Roots&quot; es esencial para estimular el crecimiento radicular, promoviendo una absorci\u00f3n eficiente de nutrientes y agua. Mejora la resistencia de las plantas frente a condiciones adversas y acelera el desarrollo, garantizando un follaje exuberante y cosechas m\u00e1s abundantes.<\/p>\n<p>Composici\u00f3n:<\/p>\n<p>Formulado con ingredientes de alta calidad, &quot;Pro Roots&quot; integra elementos esenciales que aseguran un sistema radicular fuerte y robusto, favoreciendo un crecimiento saludable y sostenido.<\/p>\n<p>Instrucciones de Uso y Dosificaci\u00f3n:<\/p>\n<p>Diluir seg\u00fan las indicaciones del fabricante y aplicar directamente al sustrato o sistema hidrop\u00f3nico. Utilizar durante las etapas iniciales de crecimiento para maximizar los beneficios. Ajustar la dosis de acuerdo con las necesidades espec\u00edficas de cada planta para obtener resultados \u00f3ptimos.<\/p>\n","protected":false},"excerpt":{"rendered":"<p>Bio Roots es un activador de las ra\u00edces:<\/p>\n<p> -Promueve el crecimiento de los micro-organismos en el entorno de la ra\u00edz y favorece el desarrollo de ra\u00edces y raicillas.<\/p>\n<p> -Mejora el biotopo de la ra\u00edz y endurece su cofia (el extremo de las ra\u00edces). Eso permite un desarrollo de ra\u00edces sanas y vigorosas y mejora la implantaci\u00f3n de la planta en su entorno.<\/p>\n<p> -Aumenta la resistencia a las enfermedades y a los mohos pat\u00f3genos (oidio, vaciado de los semilleros, etc).<\/p>\n<p> Composici\u00f3n: Bio Roots est\u00e1 compuesto por esencias de plantas y frutos, y aceites. Es 100% natural. Como Bio Protect y Bio Bloom, proviene de un reciclado ecol\u00f3gico, obtenido sin el aporte de productos qu\u00edmicos o sint\u00e9ticos, y sin abonos artificiales.<\/p>\n<p> Aplicaci\u00f3n: Directamente en la soluci\u00f3n nutritiva: 1.5ml\/10l (\u00f3 2 gotas por litro).<\/p>\n<p> -Aplique Bio Boost s\u00f3lo para el esquejado.<\/p>\n<p> -Combine con Bio Bloom durante el per\u00edodo de crecimiento.<\/p>\n","protected":false},"featured_media":10082,"comment_status":"open","ping_status":"closed","template":"","meta":{"_bst_post_transparent":"","_bst_post_title":"","_bst_post_layout":"","_bst_post_sidebar_id":"","_bst_post_content_style":"","_bst_post_vertical_padding":"","_bst_post_feature":"","_bst_post_feature_position":"","_bst_post_header":false,"_bst_post_footer":false},"pwb-brand":[156],"product_brand":[],"product_cat":[39],"product_tag":[],"class_list":{"0":"post-11704","1":"product","2":"type-product","3":"status-publish","4":"has-post-thumbnail","6":"pwb-brand-terra-aquatica","7":"product_cat-fertilizantes","9":"first","10":"instock","11":"sale","12":"taxable","13":"shipping-taxable","14":"purchasable","15":"product-type-simple","16":"entry","17":"content-bg","18":"loop-entry"},"brands":[{"id":156,"name":"Terra Aquatica","slug":"terra-aquatica"}],"_links":{"self":[{"href":"https:\/\/puregrowshop.com\/fr\/wp-json\/wp\/v2\/product\/11704","targetHints":{"allow":["GET"]}}],"collection":[{"href":"https:\/\/puregrowshop.com\/fr\/wp-json\/wp\/v2\/product"}],"about":[{"href":"https:\/\/puregrowshop.com\/fr\/wp-json\/wp\/v2\/types\/product"}],"replies":[{"embeddable":true,"href":"https:\/\/puregrowshop.com\/fr\/wp-json\/wp\/v2\/comments?post=11704"}],"wp:featuredmedia":[{"embeddable":true,"href":"https:\/\/puregrowshop.com\/fr\/wp-json\/wp\/v2\/media\/10082"}],"wp:attachment":[{"href":"https:\/\/puregrowshop.com\/fr\/wp-json\/wp\/v2\/media?parent=11704"}],"wp:term":[{"taxonomy":"pwb-brand","embeddable":true,"href":"https:\/\/puregrowshop.com\/fr\/wp-json\/wp\/v2\/pwb-brand?post=11704"},{"taxonomy":"product_brand","embeddable":true,"href":"https:\/\/puregrowshop.com\/fr\/wp-json\/wp\/v2\/product_brand?post=11704"},{"taxonomy":"product_cat","embeddable":true,"href":"https:\/\/puregrowshop.com\/fr\/wp-json\/wp\/v2\/product_cat?post=11704"},{"taxonomy":"product_tag","embeddable":true,"href":"https:\/\/puregrowshop.com\/fr\/wp-json\/wp\/v2\/product_tag?post=11704"}],"curies":[{"name":"wp","href":"https:\/\/api.w.org\/{rel}","templated":true}]}}