{"id":10078,"date":"2024-10-28T14:29:16","date_gmt":"2024-10-28T14:29:16","guid":{"rendered":"https:\/\/puregrowshop.com\/seaweed-powder-algas-marinas-polvo-5-kg-guanokalong\/"},"modified":"2025-12-27T20:03:24","modified_gmt":"2025-12-27T20:03:24","slug":"seaweed-powder-algas-marinas-polvo-5-kg-guanokalong","status":"publish","type":"product","link":"https:\/\/puregrowshop.com\/fr\/seaweed-powder-algas-marinas-polvo-5-kg-guanokalong\/","title":{"rendered":"Seaweed Powder (Algas Marinas Polvo) 5 Kg. Guanokalong"},"content":{"rendered":"<p>Descubre el secreto de un suelo f\u00e9rtil y cultivos saludables con el Algas Marinas Polvo de Guanokalong. Este fertilizante natural es ideal para mejorar la calidad del suelo y potenciar el crecimiento de tus plantas, gracias a su rica composici\u00f3n en nutrientes esenciales.<\/p>\n<ul>\n<li>Peso: 5.3 kg, f\u00e1cil de almacenar y manejar<\/li>\n<li>Categor\u00eda: Fertilizantes org\u00e1nicos<\/li>\n<li>Fuente natural de nutrientes y minerales<\/li>\n<li>Apto para todo tipo de plantas y cultivos<\/li>\n<\/ul>\n<p>El Algas Marinas Polvo de Guanokalong beneficia a tus plantas al mejorar la estructura del suelo y aumentar su capacidad de retenci\u00f3n de agua. Adem\u00e1s, estimula el crecimiento de microorganismos ben\u00e9ficos, promoviendo un ambiente saludable para el desarrollo de ra\u00edces fuertes y resistentes. Ideal para jardiner\u00eda, agricultura y horticultura.<\/p>\n<p>Composici\u00f3n: Derivado de algas marinas, este polvo es rico en oligoelementos y minerales esenciales como potasio, calcio y magnesio, que son vitales para el desarrollo \u00f3ptimo de las plantas.<\/p>\n<p>Instrucciones de uso y dosificaci\u00f3n: Mezcla el polvo con el sustrato o aplica directamente sobre el suelo. La dosis recomendada es de 100 gramos por metro cuadrado. Se puede utilizar durante todo el ciclo de crecimiento para obtener mejores resultados.<\/p>\n","protected":false},"excerpt":{"rendered":"<p>Polvo de algas marinas GK-Organics<\/p>\n<p>(0.5-2-0)<\/p>\n<p>Obtenido a partir de algas rojas Gracilaria. Contiene macroelementos  y es muy rico en micronutrientes. Promueve la estructura de la ra\u00edz y el crecimiento de las plantas. Incrementa la resistencia de las plantas contra las bacterias y las enfermedades. Programa regular de suplementos nutricionales.<\/p>\n<p>Uso:<\/p>\n<p>1 taza (50 ml.) por cada 5 litros de agua cada semana.<br \/>Mezcle 2 tazas con 15 litros de tierra (1planta) la primera semana o utilice como capa de abono.<\/p>\n","protected":false},"featured_media":10077,"comment_status":"open","ping_status":"closed","template":"","meta":{"_bst_post_transparent":"","_bst_post_title":"","_bst_post_layout":"","_bst_post_sidebar_id":"","_bst_post_content_style":"","_bst_post_vertical_padding":"","_bst_post_feature":"","_bst_post_feature_position":"","_bst_post_header":false,"_bst_post_footer":false},"pwb-brand":[135],"product_brand":[],"product_cat":[39],"product_tag":[],"class_list":{"0":"post-10078","1":"product","2":"type-product","3":"status-publish","4":"has-post-thumbnail","6":"pwb-brand-guanokalong","7":"product_cat-fertilizantes","9":"first","10":"instock","11":"sale","12":"taxable","13":"shipping-taxable","14":"purchasable","15":"product-type-simple","16":"entry","17":"content-bg","18":"loop-entry"},"brands":[{"id":135,"name":"Guanokalong","slug":"guanokalong"}],"_links":{"self":[{"href":"https:\/\/puregrowshop.com\/fr\/wp-json\/wp\/v2\/product\/10078","targetHints":{"allow":["GET"]}}],"collection":[{"href":"https:\/\/puregrowshop.com\/fr\/wp-json\/wp\/v2\/product"}],"about":[{"href":"https:\/\/puregrowshop.com\/fr\/wp-json\/wp\/v2\/types\/product"}],"replies":[{"embeddable":true,"href":"https:\/\/puregrowshop.com\/fr\/wp-json\/wp\/v2\/comments?post=10078"}],"wp:featuredmedia":[{"embeddable":true,"href":"https:\/\/puregrowshop.com\/fr\/wp-json\/wp\/v2\/media\/10077"}],"wp:attachment":[{"href":"https:\/\/puregrowshop.com\/fr\/wp-json\/wp\/v2\/media?parent=10078"}],"wp:term":[{"taxonomy":"pwb-brand","embeddable":true,"href":"https:\/\/puregrowshop.com\/fr\/wp-json\/wp\/v2\/pwb-brand?post=10078"},{"taxonomy":"product_brand","embeddable":true,"href":"https:\/\/puregrowshop.com\/fr\/wp-json\/wp\/v2\/product_brand?post=10078"},{"taxonomy":"product_cat","embeddable":true,"href":"https:\/\/puregrowshop.com\/fr\/wp-json\/wp\/v2\/product_cat?post=10078"},{"taxonomy":"product_tag","embeddable":true,"href":"https:\/\/puregrowshop.com\/fr\/wp-json\/wp\/v2\/product_tag?post=10078"}],"curies":[{"name":"wp","href":"https:\/\/api.w.org\/{rel}","templated":true}]}}