{"id":10074,"date":"2024-10-28T14:29:16","date_gmt":"2024-10-28T14:29:16","guid":{"rendered":"https:\/\/puregrowshop.com\/complete-organics-polvo-3-lt-guanokalong\/"},"modified":"2025-12-27T20:03:24","modified_gmt":"2025-12-27T20:03:24","slug":"complete-organics-polvo-3-lt-guanokalong","status":"publish","type":"product","link":"https:\/\/puregrowshop.com\/fr\/complete-organics-polvo-3-lt-guanokalong\/","title":{"rendered":"Complete Organics (Polvo) 3 lt. Guanokalong"},"content":{"rendered":"<p>Tanto para uso en interiores como en exteriores.<\/p>\n<p>Para el cultivo en exteriores: 1 litro de GK-Organics\u00ae Perlas Vegetales para 5 &#8211; 10 m\u00b2. En una etapa posterior, esparcir las Perlas Vegetales GK-Organics\u00ae sobre la tierra seg\u00fan sea necesario y rastrillarlas a fondo en el suelo.<\/p>\n<p>Para el uso en macetas y\/o jardineras: antes de plantar, mezcle 1 1\/2 50 ml de tazas medidoras de GK-Organics\u00ae Perlas Vegetales en 15 litros de tierra para macetas o en la tierra.<\/p>\n<p>Para obtener informaci\u00f3n adicional, descarga nuestra tabla de cultivo de sustratos aqu\u00ed o consulta la pesta\u00f1a &#8216;Informaci\u00f3n para expertos&#8217; para obtener instrucciones m\u00e1s detalladas.<\/p>\n","protected":false},"excerpt":{"rendered":"<p>&#8211; F\u00e1cil fertilizante todo en uno.<br \/>&#8211; Mejora las condiciones del suelo debido a la fermentaci\u00f3n.<br \/>&#8211; Mezcla equilibrada<br \/>&#8211; Superior a los suplementos nutricionales qu\u00edmicos y minerales.<br \/>&#8211; Una soluci\u00f3n ideal para suelos o plantas pobres en nutrientes con estr\u00e9s considerable.<br \/>&#8211; Para uso en interiores y exteriores.<br \/>&#8211; 100% org\u00e1nico<\/p>\n","protected":false},"featured_media":10073,"comment_status":"open","ping_status":"closed","template":"","meta":{"_bst_post_transparent":"","_bst_post_title":"","_bst_post_layout":"","_bst_post_sidebar_id":"","_bst_post_content_style":"","_bst_post_vertical_padding":"","_bst_post_feature":"","_bst_post_feature_position":"","_bst_post_header":false,"_bst_post_footer":false},"pwb-brand":[135],"product_brand":[],"product_cat":[39],"product_tag":[],"class_list":{"0":"post-10074","1":"product","2":"type-product","3":"status-publish","4":"has-post-thumbnail","6":"pwb-brand-guanokalong","7":"product_cat-fertilizantes","9":"first","10":"instock","11":"sale","12":"taxable","13":"shipping-taxable","14":"purchasable","15":"product-type-simple","16":"entry","17":"content-bg","18":"loop-entry"},"brands":[{"id":135,"name":"Guanokalong","slug":"guanokalong"}],"_links":{"self":[{"href":"https:\/\/puregrowshop.com\/fr\/wp-json\/wp\/v2\/product\/10074","targetHints":{"allow":["GET"]}}],"collection":[{"href":"https:\/\/puregrowshop.com\/fr\/wp-json\/wp\/v2\/product"}],"about":[{"href":"https:\/\/puregrowshop.com\/fr\/wp-json\/wp\/v2\/types\/product"}],"replies":[{"embeddable":true,"href":"https:\/\/puregrowshop.com\/fr\/wp-json\/wp\/v2\/comments?post=10074"}],"wp:featuredmedia":[{"embeddable":true,"href":"https:\/\/puregrowshop.com\/fr\/wp-json\/wp\/v2\/media\/10073"}],"wp:attachment":[{"href":"https:\/\/puregrowshop.com\/fr\/wp-json\/wp\/v2\/media?parent=10074"}],"wp:term":[{"taxonomy":"pwb-brand","embeddable":true,"href":"https:\/\/puregrowshop.com\/fr\/wp-json\/wp\/v2\/pwb-brand?post=10074"},{"taxonomy":"product_brand","embeddable":true,"href":"https:\/\/puregrowshop.com\/fr\/wp-json\/wp\/v2\/product_brand?post=10074"},{"taxonomy":"product_cat","embeddable":true,"href":"https:\/\/puregrowshop.com\/fr\/wp-json\/wp\/v2\/product_cat?post=10074"},{"taxonomy":"product_tag","embeddable":true,"href":"https:\/\/puregrowshop.com\/fr\/wp-json\/wp\/v2\/product_tag?post=10074"}],"curies":[{"name":"wp","href":"https:\/\/api.w.org\/{rel}","templated":true}]}}