{"id":10070,"date":"2024-10-28T14:29:13","date_gmt":"2024-10-28T14:29:13","guid":{"rendered":"https:\/\/puregrowshop.com\/veg-pearls-3l-guanokalong\/"},"modified":"2025-12-27T20:03:24","modified_gmt":"2025-12-27T20:03:24","slug":"veg-pearls-3l-guanokalong","status":"publish","type":"product","link":"https:\/\/puregrowshop.com\/fr\/veg-pearls-3l-guanokalong\/","title":{"rendered":"Veg Pearls 3L. Guanokalong"},"content":{"rendered":"<p>Para uso en interiores y exteriores.<\/p>\n<p>Para cultivo en exterior: 1 litro de Perlas Vegetales GK-Organics\u00ae para 5 &#8211; 10 m\u00b2. En una etapa posterior, esparza GK-Organics\u00ae Veg Pearls sobre la tierra seg\u00fan sea necesario y rastrille completamente en el suelo.<\/p>\n<p>Para usar en macetas y \/ o macetas: antes de plantar, mezcle 1 1\/2 tazas medidoras de 50 ml de GK-Organics\u00ae Veg Pearls en 15 litros de tierra para macetas o tierra.<\/p>\n<p>Para obtener informaci\u00f3n adicional, descargue nuestra tabla de cultivo de sustrato aqu\u00ed o vea la pesta\u00f1a &#8216;informaci\u00f3n de expertos&#8217; para obtener instrucciones m\u00e1s detalladas.<\/p>\n","protected":false},"excerpt":{"rendered":"<p>&#8211; Para uso en interiores y exteriores.<br \/>&#8211; Incre\u00edble crecimiento.<br \/>&#8211; Mejora la vida del suelo.<br \/>&#8211; Sin lixiviaci\u00f3n de minerales.<br \/>&#8211; Se requiere menos riego.<br \/>&#8211; Mayor resistencia de la planta al estr\u00e9s.<br \/>&#8211; 100% vegano<br \/>&#8211; Econ\u00f3mico de usar.<br \/>&#8211; F\u00e1cil de dispersar debido a su forma redondeada.<\/p>\n","protected":false},"featured_media":10069,"comment_status":"open","ping_status":"closed","template":"","meta":{"_bst_post_transparent":"","_bst_post_title":"","_bst_post_layout":"","_bst_post_sidebar_id":"","_bst_post_content_style":"","_bst_post_vertical_padding":"","_bst_post_feature":"","_bst_post_feature_position":"","_bst_post_header":false,"_bst_post_footer":false},"pwb-brand":[135],"product_brand":[],"product_cat":[39],"product_tag":[],"class_list":{"0":"post-10070","1":"product","2":"type-product","3":"status-publish","4":"has-post-thumbnail","6":"pwb-brand-guanokalong","7":"product_cat-fertilizantes","9":"first","10":"outofstock","11":"sale","12":"taxable","13":"shipping-taxable","14":"purchasable","15":"product-type-simple","16":"entry","17":"content-bg","18":"loop-entry"},"brands":[{"id":135,"name":"Guanokalong","slug":"guanokalong"}],"_links":{"self":[{"href":"https:\/\/puregrowshop.com\/fr\/wp-json\/wp\/v2\/product\/10070","targetHints":{"allow":["GET"]}}],"collection":[{"href":"https:\/\/puregrowshop.com\/fr\/wp-json\/wp\/v2\/product"}],"about":[{"href":"https:\/\/puregrowshop.com\/fr\/wp-json\/wp\/v2\/types\/product"}],"replies":[{"embeddable":true,"href":"https:\/\/puregrowshop.com\/fr\/wp-json\/wp\/v2\/comments?post=10070"}],"wp:featuredmedia":[{"embeddable":true,"href":"https:\/\/puregrowshop.com\/fr\/wp-json\/wp\/v2\/media\/10069"}],"wp:attachment":[{"href":"https:\/\/puregrowshop.com\/fr\/wp-json\/wp\/v2\/media?parent=10070"}],"wp:term":[{"taxonomy":"pwb-brand","embeddable":true,"href":"https:\/\/puregrowshop.com\/fr\/wp-json\/wp\/v2\/pwb-brand?post=10070"},{"taxonomy":"product_brand","embeddable":true,"href":"https:\/\/puregrowshop.com\/fr\/wp-json\/wp\/v2\/product_brand?post=10070"},{"taxonomy":"product_cat","embeddable":true,"href":"https:\/\/puregrowshop.com\/fr\/wp-json\/wp\/v2\/product_cat?post=10070"},{"taxonomy":"product_tag","embeddable":true,"href":"https:\/\/puregrowshop.com\/fr\/wp-json\/wp\/v2\/product_tag?post=10070"}],"curies":[{"name":"wp","href":"https:\/\/api.w.org\/{rel}","templated":true}]}}