{"id":10062,"date":"2024-10-28T14:29:12","date_gmt":"2024-10-28T14:29:12","guid":{"rendered":"https:\/\/puregrowshop.com\/black-pellets-1-kg-guanokalong\/"},"modified":"2025-12-27T20:03:24","modified_gmt":"2025-12-27T20:03:24","slug":"black-pellets-1-kg-guanokalong","status":"publish","type":"product","link":"https:\/\/puregrowshop.com\/fr\/black-pellets-1-kg-guanokalong\/","title":{"rendered":"Black Pellets 1 kg. Guanokalong"},"content":{"rendered":"<p>Presentamos los &quot;Black Pellets 1 kg. Guanokalong&quot;, el fertilizante org\u00e1nico ideal para potenciar el crecimiento y la floraci\u00f3n de sus plantas. Dise\u00f1ado para agricultores que buscan calidad y resultados excepcionales, este producto es una soluci\u00f3n natural y eficaz para enriquecer el suelo y mejorar la salud de sus cultivos.<\/p>\n<ul>\n<li>Peso: 1.05 kg<\/li>\n<li>Categor\u00eda: Fertilizantes<\/li>\n<li>Composici\u00f3n: Hecho a partir de guano de murci\u00e9lago, rico en nutrientes esenciales<\/li>\n<\/ul>\n<p>Beneficios y Usos: Los Black Pellets de Guanokalong proporcionan una liberaci\u00f3n lenta de nutrientes que mejora la estructura del suelo y aumenta la retenci\u00f3n de agua. Resulta perfecto para aquellos que desean obtener plantas m\u00e1s vigorosas y con floraciones m\u00e1s abundantes. Su uso regular fomenta un desarrollo radicular fuerte, asegurando plantas m\u00e1s resistentes a plagas y enfermedades.<\/p>\n<p>Composici\u00f3n: Compuesto principalmente por guano de murci\u00e9lago, conocido por su alto contenido en f\u00f3sforo, nitr\u00f3geno, y potasio, elementos fundamentales para el desarrollo vegetal.<\/p>\n<p>Instrucciones de uso y dosificaci\u00f3n: Mezcle 100 gramos de pellets por cada 10 litros de tierra al inicio de la temporada de cultivo. Para mantener, aplique 50 gramos por planta cada dos meses. Aseg\u00farese de regar adecuadamente despu\u00e9s de la aplicaci\u00f3n para activar la liberaci\u00f3n de nutrientes. Ideal para su uso en huertos, jardines y plantas en macetas.<\/p>\n","protected":false},"excerpt":{"rendered":"<p>Fertilizante natural de murci\u00e9lagos<\/p>\n<p>Ventajas:<br \/>&#8211; Aceleraci\u00f3n del florecimiento, de la maduraci\u00f3n y de la estructuraci\u00f3n de las ra\u00edces.<br \/>&#8211; Resistencia creciente de la vegetaci\u00f3n contra bacterias.<br \/>&#8211; Uso para el interior y al aire libre.<\/p>\n<p>Uso:<\/p>\n<p>    Mezcle 1 kilo con 100 &#8211; 200 litros de tierra en la primera semana, o mezcle el polvo lo 50 gramos para una planta de interior en la meceta de 7 litros.<br \/>    Para las de exterior : 1 planta = 100 gramos cada  2 meses.<br \/>    Empezando en abril.<\/p>\n<p>N=2%,<br \/>P=15%,<br \/>K=2%,<br \/>Ca=15%,<br \/>Mg=0.08<br \/>+ micro elements<\/p>\n","protected":false},"featured_media":10061,"comment_status":"open","ping_status":"closed","template":"","meta":{"_bst_post_transparent":"","_bst_post_title":"","_bst_post_layout":"","_bst_post_sidebar_id":"","_bst_post_content_style":"","_bst_post_vertical_padding":"","_bst_post_feature":"","_bst_post_feature_position":"","_bst_post_header":false,"_bst_post_footer":false},"pwb-brand":[135],"product_brand":[],"product_cat":[39],"product_tag":[],"class_list":{"0":"post-10062","1":"product","2":"type-product","3":"status-publish","4":"has-post-thumbnail","6":"pwb-brand-guanokalong","7":"product_cat-fertilizantes","9":"first","10":"instock","11":"sale","12":"taxable","13":"shipping-taxable","14":"purchasable","15":"product-type-simple","16":"entry","17":"content-bg","18":"loop-entry"},"brands":[{"id":135,"name":"Guanokalong","slug":"guanokalong"}],"_links":{"self":[{"href":"https:\/\/puregrowshop.com\/fr\/wp-json\/wp\/v2\/product\/10062","targetHints":{"allow":["GET"]}}],"collection":[{"href":"https:\/\/puregrowshop.com\/fr\/wp-json\/wp\/v2\/product"}],"about":[{"href":"https:\/\/puregrowshop.com\/fr\/wp-json\/wp\/v2\/types\/product"}],"replies":[{"embeddable":true,"href":"https:\/\/puregrowshop.com\/fr\/wp-json\/wp\/v2\/comments?post=10062"}],"wp:featuredmedia":[{"embeddable":true,"href":"https:\/\/puregrowshop.com\/fr\/wp-json\/wp\/v2\/media\/10061"}],"wp:attachment":[{"href":"https:\/\/puregrowshop.com\/fr\/wp-json\/wp\/v2\/media?parent=10062"}],"wp:term":[{"taxonomy":"pwb-brand","embeddable":true,"href":"https:\/\/puregrowshop.com\/fr\/wp-json\/wp\/v2\/pwb-brand?post=10062"},{"taxonomy":"product_brand","embeddable":true,"href":"https:\/\/puregrowshop.com\/fr\/wp-json\/wp\/v2\/product_brand?post=10062"},{"taxonomy":"product_cat","embeddable":true,"href":"https:\/\/puregrowshop.com\/fr\/wp-json\/wp\/v2\/product_cat?post=10062"},{"taxonomy":"product_tag","embeddable":true,"href":"https:\/\/puregrowshop.com\/fr\/wp-json\/wp\/v2\/product_tag?post=10062"}],"curies":[{"name":"wp","href":"https:\/\/api.w.org\/{rel}","templated":true}]}}