{"id":10040,"date":"2024-10-28T14:29:08","date_gmt":"2024-10-28T14:29:08","guid":{"rendered":"https:\/\/puregrowshop.com\/kalong-bloom-liquido-5-lt-guanokalong\/"},"modified":"2025-12-27T20:03:15","modified_gmt":"2025-12-27T20:03:15","slug":"kalong-bloom-liquido-5-lt-guanokalong","status":"publish","type":"product","link":"https:\/\/puregrowshop.com\/fr\/kalong-bloom-liquido-5-lt-guanokalong\/","title":{"rendered":"Kalong Bloom (Liquido)  5 lt. Guanokalong"},"content":{"rendered":"<p>Presentamos el &quot;Kalong Bloom (L\u00edquido) 5 lt. Guanokalong&quot;, una soluci\u00f3n de fertilizante org\u00e1nico dise\u00f1ada para maximizar el crecimiento y la floraci\u00f3n de sus plantas. Este producto es ideal para jardineros y agricultores que buscan mejorar la calidad y el rendimiento de sus cultivos de forma natural y efectiva.<\/p>\n<ul>\n<li>Peso: 7.2 kg<\/li>\n<li>Categor\u00eda: Fertilizantes org\u00e1nicos<\/li>\n<li>Formato: L\u00edquido<\/li>\n<li>Contenido: 5 litros<\/li>\n<\/ul>\n<h4>Beneficios y Usos<\/h4>\n<p>El &quot;Kalong Bloom&quot; potencia la floraci\u00f3n y el desarrollo de sus plantas, asegurando una producci\u00f3n abundante y saludable. Su f\u00f3rmula l\u00edquida facilita una r\u00e1pida absorci\u00f3n de nutrientes, promoviendo un crecimiento vigoroso y una floraci\u00f3n exuberante. Ideal para todo tipo de cultivos, desde flores hasta frutas y vegetales.<\/p>\n<p>Composici\u00f3n:<\/p>\n<p>El producto est\u00e1 elaborado a partir de guano de murci\u00e9lago, conocido por su alto contenido en f\u00f3sforo y potasio, elementos esenciales para la floraci\u00f3n. Adem\u00e1s, incluye micronutrientes que fortalecen las plantas y mejoran su resistencia a enfermedades.<\/p>\n<p>Instrucciones de uso y dosificaci\u00f3n:<\/p>\n<p>Agite bien antes de usar. Diluir 50 ml de &quot;Kalong Bloom&quot; en 10 litros de agua. Aplicar directamente al suelo o mediante sistemas de riego una vez por semana durante la fase de floraci\u00f3n. Ajuste la dosificaci\u00f3n seg\u00fan las necesidades espec\u00edficas de sus plantas para obtener los mejores resultados.<\/p>\n","protected":false},"excerpt":{"rendered":"<p>Ventajas: El l\u00edquido puede ser utilizado en tierra y en coco. Liberaci\u00f3n inmediata para un cultivo controlado. Los org\u00e1nicos contenidos garantizan la liberaci\u00f3n controlada de nutrientes. Estimula la vida microorganismos presentes en el sustrato. No es agresivo para las ra\u00edces debido a los bajos \u00edndices de sal. S\u00f3lo contiene productos anexo 2 (EEG) nr. 2092\/91 la producci\u00f3n org\u00e1nica.<\/p>\n<p>Utilice Kalong floraci\u00f3n: agitar bien antes de usar. Mezclar Guanokalong polvo a raz\u00f3n de 50 g por planta en 7 litros de sustrato. A12 horas &#8211; 1-2 ml \/ L. hasta 1 semana antes de la cosecha. A\u00f1adir Guanokalong extract para mejorar el sabor! Evitar problemas de drenaje limpiando con agua sola. Dosis exacta en funci\u00f3n de la disponibilidad de nutrientes en el medio.<\/p>\n","protected":false},"featured_media":10039,"comment_status":"open","ping_status":"closed","template":"","meta":{"_bst_post_transparent":"","_bst_post_title":"","_bst_post_layout":"","_bst_post_sidebar_id":"","_bst_post_content_style":"","_bst_post_vertical_padding":"","_bst_post_feature":"","_bst_post_feature_position":"","_bst_post_header":false,"_bst_post_footer":false},"pwb-brand":[135],"product_brand":[],"product_cat":[39],"product_tag":[],"class_list":{"0":"post-10040","1":"product","2":"type-product","3":"status-publish","4":"has-post-thumbnail","6":"pwb-brand-guanokalong","7":"product_cat-fertilizantes","8":"product_shipping_class-entre-5-kg-y-10-kg","10":"first","11":"instock","12":"sale","13":"taxable","14":"shipping-taxable","15":"purchasable","16":"product-type-simple","17":"entry","18":"content-bg","19":"loop-entry"},"brands":[{"id":135,"name":"Guanokalong","slug":"guanokalong"}],"_links":{"self":[{"href":"https:\/\/puregrowshop.com\/fr\/wp-json\/wp\/v2\/product\/10040","targetHints":{"allow":["GET"]}}],"collection":[{"href":"https:\/\/puregrowshop.com\/fr\/wp-json\/wp\/v2\/product"}],"about":[{"href":"https:\/\/puregrowshop.com\/fr\/wp-json\/wp\/v2\/types\/product"}],"replies":[{"embeddable":true,"href":"https:\/\/puregrowshop.com\/fr\/wp-json\/wp\/v2\/comments?post=10040"}],"wp:featuredmedia":[{"embeddable":true,"href":"https:\/\/puregrowshop.com\/fr\/wp-json\/wp\/v2\/media\/10039"}],"wp:attachment":[{"href":"https:\/\/puregrowshop.com\/fr\/wp-json\/wp\/v2\/media?parent=10040"}],"wp:term":[{"taxonomy":"pwb-brand","embeddable":true,"href":"https:\/\/puregrowshop.com\/fr\/wp-json\/wp\/v2\/pwb-brand?post=10040"},{"taxonomy":"product_brand","embeddable":true,"href":"https:\/\/puregrowshop.com\/fr\/wp-json\/wp\/v2\/product_brand?post=10040"},{"taxonomy":"product_cat","embeddable":true,"href":"https:\/\/puregrowshop.com\/fr\/wp-json\/wp\/v2\/product_cat?post=10040"},{"taxonomy":"product_tag","embeddable":true,"href":"https:\/\/puregrowshop.com\/fr\/wp-json\/wp\/v2\/product_tag?post=10040"}],"curies":[{"name":"wp","href":"https:\/\/api.w.org\/{rel}","templated":true}]}}