{"id":10038,"date":"2024-10-28T14:29:07","date_gmt":"2024-10-28T14:29:07","guid":{"rendered":"https:\/\/puregrowshop.com\/kalong-bloom-liquido-1-lt-guanokalong\/"},"modified":"2025-12-27T20:03:15","modified_gmt":"2025-12-27T20:03:15","slug":"kalong-bloom-liquido-1-lt-guanokalong","status":"publish","type":"product","link":"https:\/\/puregrowshop.com\/fr\/kalong-bloom-liquido-1-lt-guanokalong\/","title":{"rendered":"Kalong Bloom (Liquido)  1 lt. Guanokalong"},"content":{"rendered":"<p>Presentamos el &quot;Kalong Bloom (L\u00edquido) 1 lt. Guanokalong&quot;, el fertilizante ideal para potenciar el crecimiento y floraci\u00f3n de tus plantas. Dise\u00f1ado para cultivadores exigentes, este producto garantiza una nutrici\u00f3n \u00f3ptima, mejorando la calidad y cantidad de tus cosechas.<\/p>\n<ul>\n<li>Peso del producto: 1.5 kg<\/li>\n<li>Categor\u00eda: Fertilizantes l\u00edquidos<\/li>\n<li>Ideal para fase de floraci\u00f3n<\/li>\n<li>Alto contenido de nutrientes esenciales<\/li>\n<\/ul>\n<p>Beneficios y Usos: Kalong Bloom es reconocido por su capacidad para estimular la floraci\u00f3n, incrementando la producci\u00f3n de flores y frutos. Su f\u00f3rmula l\u00edquida asegura una r\u00e1pida absorci\u00f3n, proporcionando nutrientes esenciales directamente a las ra\u00edces. Este fertilizante mejora la resistencia de las plantas al estr\u00e9s ambiental y promueve un desarrollo robusto.<\/p>\n<p>Composici\u00f3n: Elaborado a partir de extractos naturales de guano, este fertilizante ofrece una fuente rica y equilibrada de f\u00f3sforo y potasio, esenciales para la floraci\u00f3n.<\/p>\n<p>Instrucciones de uso y dosificaci\u00f3n: Agite bien antes de usar. Diluir 50 ml de Kalong Bloom en 10 litros de agua. Aplicar cada semana durante la fase de floraci\u00f3n, asegurando una distribuci\u00f3n uniforme en el sustrato. Ajuste la dosis seg\u00fan las necesidades espec\u00edficas de sus plantas para obtener los mejores resultados.<\/p>\n","protected":false},"excerpt":{"rendered":"<p>Ventajas: El l\u00edquido puede ser utilizado en tierra y en coco. Liberaci\u00f3n inmediata para un cultivo controlado. Los org\u00e1nicos contenidos garantizan la liberaci\u00f3n controlada de nutrientes. Estimula la vida microorganismos presentes en el sustrato. No es agresivo para las ra\u00edces debido a los bajos \u00edndices de sal. S\u00f3lo contiene productos anexo 2 (EEG) nr. 2092\/91 la producci\u00f3n org\u00e1nica.<\/p>\n<p>Utilice Kalong floraci\u00f3n: agitar bien antes de usar. Mezclar Guanokalong polvo a raz\u00f3n de 50 g por planta en 7 litros de sustrato. A12 horas &#8211; 1-2 ml \/ L. hasta 1 semana antes de la cosecha. A\u00f1adir Guanokalong extract para mejorar el sabor! Evitar problemas de drenaje limpiando con agua sola. Dosis exacta en funci\u00f3n de la disponibilidad de nutrientes en el medio.<\/p>\n","protected":false},"featured_media":10037,"comment_status":"open","ping_status":"closed","template":"","meta":{"_bst_post_transparent":"","_bst_post_title":"","_bst_post_layout":"","_bst_post_sidebar_id":"","_bst_post_content_style":"","_bst_post_vertical_padding":"","_bst_post_feature":"","_bst_post_feature_position":"","_bst_post_header":false,"_bst_post_footer":false},"pwb-brand":[135],"product_brand":[],"product_cat":[39],"product_tag":[],"class_list":{"0":"post-10038","1":"product","2":"type-product","3":"status-publish","4":"has-post-thumbnail","6":"pwb-brand-guanokalong","7":"product_cat-fertilizantes","9":"first","10":"instock","11":"sale","12":"taxable","13":"shipping-taxable","14":"purchasable","15":"product-type-simple","16":"entry","17":"content-bg","18":"loop-entry"},"brands":[{"id":135,"name":"Guanokalong","slug":"guanokalong"}],"_links":{"self":[{"href":"https:\/\/puregrowshop.com\/fr\/wp-json\/wp\/v2\/product\/10038","targetHints":{"allow":["GET"]}}],"collection":[{"href":"https:\/\/puregrowshop.com\/fr\/wp-json\/wp\/v2\/product"}],"about":[{"href":"https:\/\/puregrowshop.com\/fr\/wp-json\/wp\/v2\/types\/product"}],"replies":[{"embeddable":true,"href":"https:\/\/puregrowshop.com\/fr\/wp-json\/wp\/v2\/comments?post=10038"}],"wp:featuredmedia":[{"embeddable":true,"href":"https:\/\/puregrowshop.com\/fr\/wp-json\/wp\/v2\/media\/10037"}],"wp:attachment":[{"href":"https:\/\/puregrowshop.com\/fr\/wp-json\/wp\/v2\/media?parent=10038"}],"wp:term":[{"taxonomy":"pwb-brand","embeddable":true,"href":"https:\/\/puregrowshop.com\/fr\/wp-json\/wp\/v2\/pwb-brand?post=10038"},{"taxonomy":"product_brand","embeddable":true,"href":"https:\/\/puregrowshop.com\/fr\/wp-json\/wp\/v2\/product_brand?post=10038"},{"taxonomy":"product_cat","embeddable":true,"href":"https:\/\/puregrowshop.com\/fr\/wp-json\/wp\/v2\/product_cat?post=10038"},{"taxonomy":"product_tag","embeddable":true,"href":"https:\/\/puregrowshop.com\/fr\/wp-json\/wp\/v2\/product_tag?post=10038"}],"curies":[{"name":"wp","href":"https:\/\/api.w.org\/{rel}","templated":true}]}}