{"id":10036,"date":"2024-10-28T14:29:07","date_gmt":"2024-10-28T14:29:07","guid":{"rendered":"https:\/\/puregrowshop.com\/kalong-grow-liquido-5-lt-guanokalong\/"},"modified":"2026-04-22T03:26:14","modified_gmt":"2026-04-22T03:26:14","slug":"kalong-grow-liquido-5-lt-guanokalong","status":"publish","type":"product","link":"https:\/\/puregrowshop.com\/fr\/kalong-grow-liquido-5-lt-guanokalong\/","title":{"rendered":"Kalong Grow (Liquido)  5 lt. Guanokalong"},"content":{"rendered":"<p>Descubre el poder de Kalong Grow (L\u00edquido) 5 lt. Guanokalong, un fertilizante l\u00edquido de alta calidad dise\u00f1ado para potenciar el crecimiento y desarrollo de tus plantas. Ideal tanto para horticultores profesionales como para jardineros entusiastas, este fertilizante ofrece nutrientes esenciales para optimizar el rendimiento de tus cultivos.<\/p>\n<ul>\n<li>Peso: 7.25 kg<\/li>\n<li>Capacidad: 5 litros<\/li>\n<li>Categor\u00eda: Fertilizantes l\u00edquidos<\/li>\n<li>F\u00e1cil aplicaci\u00f3n y alta eficiencia<\/li>\n<\/ul>\n<p>Kalong Grow es reconocido por acelerar el crecimiento de las plantas, mejorando tanto la estructura como el vigor. Su f\u00f3rmula l\u00edquida garantiza una absorci\u00f3n r\u00e1pida y efectiva de nutrientes, promoviendo un desarrollo radicular saludable y una floraci\u00f3n abundante. Adecuado para una variedad de cultivos, es la soluci\u00f3n perfecta para maximizar el rendimiento y la calidad de tus plantas.<\/p>\n<p>Composici\u00f3n: Formulado con guano de murci\u00e9lago de origen sostenible, este fertilizante est\u00e1 enriquecido con macro y micronutrientes esenciales que act\u00faan sin\u00e9rgicamente para ofrecer resultados excepcionales.<\/p>\n<p>Instrucciones de uso y dosificaci\u00f3n: Agitar bien antes de usar. Diluir 10 ml de producto por cada litro de agua y aplicar cada dos semanas durante la fase de crecimiento. Ajustar la dosis seg\u00fan las necesidades espec\u00edficas de tus plantas y las condiciones de cultivo.<\/p>\n","protected":false},"excerpt":{"rendered":"<p>Ventajas: El l\u00edquido puede ser utilizado en tierra y en coco. Liberaci\u00f3n inmediata para un cultivo controlado. Los org\u00e1nicos contenidos garantizan la liberaci\u00f3n controlada de nutrientes. Estimula la vida microorganismos presentes en el sustrato. No es agresivo para las ra\u00edces debido a los bajos \u00edndices de sal. S\u00f3lo contiene productos anexo 2 (EEG) nr. 2092\/91 la producci\u00f3n org\u00e1nica.<\/p>\n<p>Utilice Kalong crecimiento: agitar bien antes de usar. Mezclar Guanokalong polvo a raz\u00f3n de 50 g por planta en 7 litros de sustrato o usar Guanokalong sustrato. A 18 horas &#8211; 1-2 ml \/ L. A 12 horas &#8211; 1-2 ml \/ L.  Las 2 primeras semanas. Evitar problemas de drenaje limpiando con agua sola. Dosis exacta en funci\u00f3n de la disponibilidad de nutrientes en el medio. Almacenar entre 5 y 25 grados Celsius.<\/p>\n","protected":false},"featured_media":10035,"comment_status":"open","ping_status":"closed","template":"","meta":{"_bst_post_transparent":"","_bst_post_title":"","_bst_post_layout":"","_bst_post_sidebar_id":"","_bst_post_content_style":"","_bst_post_vertical_padding":"","_bst_post_feature":"","_bst_post_feature_position":"","_bst_post_header":false,"_bst_post_footer":false},"pwb-brand":[135],"product_brand":[],"product_cat":[39],"product_tag":[],"class_list":{"0":"post-10036","1":"product","2":"type-product","3":"status-publish","4":"has-post-thumbnail","6":"pwb-brand-guanokalong","7":"product_cat-fertilizantes","8":"product_shipping_class-entre-5-kg-y-10-kg","10":"first","11":"instock","12":"sale","13":"taxable","14":"shipping-taxable","15":"purchasable","16":"product-type-simple","17":"entry","18":"content-bg","19":"loop-entry"},"brands":[{"id":135,"name":"Guanokalong","slug":"guanokalong"}],"_links":{"self":[{"href":"https:\/\/puregrowshop.com\/fr\/wp-json\/wp\/v2\/product\/10036","targetHints":{"allow":["GET"]}}],"collection":[{"href":"https:\/\/puregrowshop.com\/fr\/wp-json\/wp\/v2\/product"}],"about":[{"href":"https:\/\/puregrowshop.com\/fr\/wp-json\/wp\/v2\/types\/product"}],"replies":[{"embeddable":true,"href":"https:\/\/puregrowshop.com\/fr\/wp-json\/wp\/v2\/comments?post=10036"}],"wp:featuredmedia":[{"embeddable":true,"href":"https:\/\/puregrowshop.com\/fr\/wp-json\/wp\/v2\/media\/10035"}],"wp:attachment":[{"href":"https:\/\/puregrowshop.com\/fr\/wp-json\/wp\/v2\/media?parent=10036"}],"wp:term":[{"taxonomy":"pwb-brand","embeddable":true,"href":"https:\/\/puregrowshop.com\/fr\/wp-json\/wp\/v2\/pwb-brand?post=10036"},{"taxonomy":"product_brand","embeddable":true,"href":"https:\/\/puregrowshop.com\/fr\/wp-json\/wp\/v2\/product_brand?post=10036"},{"taxonomy":"product_cat","embeddable":true,"href":"https:\/\/puregrowshop.com\/fr\/wp-json\/wp\/v2\/product_cat?post=10036"},{"taxonomy":"product_tag","embeddable":true,"href":"https:\/\/puregrowshop.com\/fr\/wp-json\/wp\/v2\/product_tag?post=10036"}],"curies":[{"name":"wp","href":"https:\/\/api.w.org\/{rel}","templated":true}]}}