{"id":10034,"date":"2024-10-28T14:29:07","date_gmt":"2024-10-28T14:29:07","guid":{"rendered":"https:\/\/puregrowshop.com\/kalong-grow-liquido-1-lt-guanokalong\/"},"modified":"2025-12-27T20:03:06","modified_gmt":"2025-12-27T20:03:06","slug":"kalong-grow-liquido-1-lt-guanokalong","status":"publish","type":"product","link":"https:\/\/puregrowshop.com\/fr\/kalong-grow-liquido-1-lt-guanokalong\/","title":{"rendered":"Kalong Grow (Liquido)  1 lt. Guanokalong"},"content":{"rendered":"<p>Presentamos el Kalong Grow (L\u00edquido) 1 lt. Guanokalong, un fertilizante org\u00e1nico de alta calidad dise\u00f1ado para promover un crecimiento vigoroso y saludable en sus plantas. Ideal para agricultores y jardineros que buscan resultados excepcionales en el desarrollo de sus cultivos, este fertilizante l\u00edquido es una opci\u00f3n confiable para nutrir sus plantas de manera eficiente.<\/p>\n<ul>\n<li>Volumen: 1 litro<\/li>\n<li>Peso: 1.5 kg<\/li>\n<li>Categor\u00eda: Fertilizantes<\/li>\n<li>Tipo: L\u00edquido<\/li>\n<li>Origen: Org\u00e1nico<\/li>\n<\/ul>\n<h4>Beneficios y Usos<\/h4>\n<p>El Kalong Grow (L\u00edquido) estimula el crecimiento de las ra\u00edces y mejora la resistencia de las plantas a enfermedades y plagas. Aporta nutrientes esenciales que son inmediatamente absorbidos, lo que resulta en un desarrollo robusto y una floraci\u00f3n m\u00e1s abundante. Ideal para todo tipo de plantas, desde hortalizas hasta ornamentales.<\/p>\n<p>Composici\u00f3n:<\/p>\n<p>Elaborado a base de guano de murci\u00e9lago, conocido por su alta concentraci\u00f3n de nitr\u00f3geno, f\u00f3sforo y potasio, esenciales para un crecimiento \u00f3ptimo.<\/p>\n<p>Instrucciones de uso y dosificaci\u00f3n:<\/p>\n<p>Diluir 50 ml de Kalong Grow en 10 litros de agua. Aplicar la soluci\u00f3n en el riego una vez por semana durante la fase de crecimiento. Aseg\u00farese de mezclar bien antes de cada uso para obtener los mejores resultados.<\/p>\n","protected":false},"excerpt":{"rendered":"<p>Ventajas: El l\u00edquido puede ser utilizado en tierra y en coco. Liberaci\u00f3n inmediata para un cultivo controlado. Los org\u00e1nicos contenidos garantizan la liberaci\u00f3n controlada de nutrientes. Estimula la vida microorganismos presentes en el sustrato. No es agresivo para las ra\u00edces debido a los bajos \u00edndices de sal. S\u00f3lo contiene productos anexo 2 (EEG) nr. 2092\/91 la producci\u00f3n org\u00e1nica.<\/p>\n<p>Utilice Kalong crecimiento: agitar bien antes de usar. Mezclar Guanokalong polvo a raz\u00f3n de 50 g por planta en 7 litros de sustrato o usar Guanokalong sustrato. A 18 horas &#8211; 1-2 ml \/ L. A 12 horas &#8211; 1-2 ml \/ L.  Las 2 primeras semanas. Evitar problemas de drenaje limpiando con agua sola. Dosis exacta en funci\u00f3n de la disponibilidad de nutrientes en el medio. Almacenar entre 5 y 25 grados Celsius.<\/p>\n","protected":false},"featured_media":10033,"comment_status":"open","ping_status":"closed","template":"","meta":{"_bst_post_transparent":"","_bst_post_title":"","_bst_post_layout":"","_bst_post_sidebar_id":"","_bst_post_content_style":"","_bst_post_vertical_padding":"","_bst_post_feature":"","_bst_post_feature_position":"","_bst_post_header":false,"_bst_post_footer":false},"pwb-brand":[135],"product_brand":[],"product_cat":[39],"product_tag":[],"class_list":{"0":"post-10034","1":"product","2":"type-product","3":"status-publish","4":"has-post-thumbnail","6":"pwb-brand-guanokalong","7":"product_cat-fertilizantes","9":"first","10":"instock","11":"sale","12":"taxable","13":"shipping-taxable","14":"purchasable","15":"product-type-simple","16":"entry","17":"content-bg","18":"loop-entry"},"brands":[{"id":135,"name":"Guanokalong","slug":"guanokalong"}],"_links":{"self":[{"href":"https:\/\/puregrowshop.com\/fr\/wp-json\/wp\/v2\/product\/10034","targetHints":{"allow":["GET"]}}],"collection":[{"href":"https:\/\/puregrowshop.com\/fr\/wp-json\/wp\/v2\/product"}],"about":[{"href":"https:\/\/puregrowshop.com\/fr\/wp-json\/wp\/v2\/types\/product"}],"replies":[{"embeddable":true,"href":"https:\/\/puregrowshop.com\/fr\/wp-json\/wp\/v2\/comments?post=10034"}],"wp:featuredmedia":[{"embeddable":true,"href":"https:\/\/puregrowshop.com\/fr\/wp-json\/wp\/v2\/media\/10033"}],"wp:attachment":[{"href":"https:\/\/puregrowshop.com\/fr\/wp-json\/wp\/v2\/media?parent=10034"}],"wp:term":[{"taxonomy":"pwb-brand","embeddable":true,"href":"https:\/\/puregrowshop.com\/fr\/wp-json\/wp\/v2\/pwb-brand?post=10034"},{"taxonomy":"product_brand","embeddable":true,"href":"https:\/\/puregrowshop.com\/fr\/wp-json\/wp\/v2\/product_brand?post=10034"},{"taxonomy":"product_cat","embeddable":true,"href":"https:\/\/puregrowshop.com\/fr\/wp-json\/wp\/v2\/product_cat?post=10034"},{"taxonomy":"product_tag","embeddable":true,"href":"https:\/\/puregrowshop.com\/fr\/wp-json\/wp\/v2\/product_tag?post=10034"}],"curies":[{"name":"wp","href":"https:\/\/api.w.org\/{rel}","templated":true}]}}