{"id":10032,"date":"2024-10-28T14:29:06","date_gmt":"2024-10-28T14:29:06","guid":{"rendered":"https:\/\/puregrowshop.com\/kalong-grow-liquido-500-ml-guanokalong\/"},"modified":"2025-12-27T20:03:06","modified_gmt":"2025-12-27T20:03:06","slug":"kalong-grow-liquido-500-ml-guanokalong","status":"publish","type":"product","link":"https:\/\/puregrowshop.com\/fr\/kalong-grow-liquido-500-ml-guanokalong\/","title":{"rendered":"Kalong Grow (Liquido)    500 ml. Guanokalong"},"content":{"rendered":"<p>Kalong Grow (L\u00edquido) 500 ml. Guanokalong es un fertilizante l\u00edquido premium dise\u00f1ado para fomentar el crecimiento \u00f3ptimo de tus plantas. Este producto es ideal para jardineros y cultivadores que buscan una soluci\u00f3n efectiva y natural para estimular el desarrollo vigoroso de sus cultivos desde la fase inicial.<\/p>\n<ul>\n<li>Presentaci\u00f3n: Botella de 500 ml<\/li>\n<li>Peso: 0.75 kg<\/li>\n<li>Categor\u00eda: Fertilizantes<\/li>\n<li>Tipo: L\u00edquido<\/li>\n<\/ul>\n<h4>Beneficios y Usos<\/h4>\n<p>Kalong Grow provee una nutrici\u00f3n balanceada que promueve un crecimiento saludable y robusto. Su f\u00f3rmula l\u00edquida permite una absorci\u00f3n r\u00e1pida de nutrientes, mejorando la estructura de la planta y aumentando su resistencia a enfermedades. Este fertilizante es ideal para todo tipo de plantas, favoreciendo un desarrollo uniforme y un follaje exuberante.<\/p>\n<p>Composici\u00f3n:<\/p>\n<p>El Kalong Grow est\u00e1 compuesto por extractos naturales de guano, ricos en nitr\u00f3geno, f\u00f3sforo y potasio, esenciales para el crecimiento \u00f3ptimo de las plantas.<\/p>\n<p>Instrucciones de uso y dosificaci\u00f3n:<\/p>\n<p>Para obtener mejores resultados, diluir 1-2 ml de Kalong Grow en 1 litro de agua y aplicar directamente sobre el suelo o mediante riego foliar una vez por semana. Ajustar la dosificaci\u00f3n seg\u00fan las necesidades espec\u00edficas de cada planta y etapa de crecimiento.<\/p>\n","protected":false},"excerpt":{"rendered":"<p>Ventajas: El l\u00edquido puede ser utilizado en tierra y en coco. Liberaci\u00f3n inmediata para un cultivo controlado. Los org\u00e1nicos contenidos garantizan la liberaci\u00f3n controlada de nutrientes. Estimula la vida microorganismos presentes en el sustrato. No es agresivo para las ra\u00edces debido a los bajos \u00edndices de sal. S\u00f3lo contiene productos anexo 2 (EEG) nr. 2092\/91 la producci\u00f3n org\u00e1nica.<\/p>\n<p>Utilice Kalong crecimiento: agitar bien antes de usar. Mezclar Guanokalong polvo a raz\u00f3n de 50 g por planta en 7 litros de sustrato o usar Guanokalong sustrato. A 18 horas &#8211; 1-2 ml \/ L. A 12 horas &#8211; 1-2 ml \/ L.  Las 2 primeras semanas. Evitar problemas de drenaje limpiando con agua sola. Dosis exacta en funci\u00f3n de la disponibilidad de nutrientes en el medio. Almacenar entre 5 y 25 grados Celsius.<\/p>\n","protected":false},"featured_media":10031,"comment_status":"open","ping_status":"closed","template":"","meta":{"_bst_post_transparent":"","_bst_post_title":"","_bst_post_layout":"","_bst_post_sidebar_id":"","_bst_post_content_style":"","_bst_post_vertical_padding":"","_bst_post_feature":"","_bst_post_feature_position":"","_bst_post_header":false,"_bst_post_footer":false},"pwb-brand":[135],"product_brand":[],"product_cat":[39],"product_tag":[],"class_list":{"0":"post-10032","1":"product","2":"type-product","3":"status-publish","4":"has-post-thumbnail","6":"pwb-brand-guanokalong","7":"product_cat-fertilizantes","9":"first","10":"instock","11":"sale","12":"taxable","13":"shipping-taxable","14":"purchasable","15":"product-type-simple","16":"entry","17":"content-bg","18":"loop-entry"},"brands":[{"id":135,"name":"Guanokalong","slug":"guanokalong"}],"_links":{"self":[{"href":"https:\/\/puregrowshop.com\/fr\/wp-json\/wp\/v2\/product\/10032","targetHints":{"allow":["GET"]}}],"collection":[{"href":"https:\/\/puregrowshop.com\/fr\/wp-json\/wp\/v2\/product"}],"about":[{"href":"https:\/\/puregrowshop.com\/fr\/wp-json\/wp\/v2\/types\/product"}],"replies":[{"embeddable":true,"href":"https:\/\/puregrowshop.com\/fr\/wp-json\/wp\/v2\/comments?post=10032"}],"wp:featuredmedia":[{"embeddable":true,"href":"https:\/\/puregrowshop.com\/fr\/wp-json\/wp\/v2\/media\/10031"}],"wp:attachment":[{"href":"https:\/\/puregrowshop.com\/fr\/wp-json\/wp\/v2\/media?parent=10032"}],"wp:term":[{"taxonomy":"pwb-brand","embeddable":true,"href":"https:\/\/puregrowshop.com\/fr\/wp-json\/wp\/v2\/pwb-brand?post=10032"},{"taxonomy":"product_brand","embeddable":true,"href":"https:\/\/puregrowshop.com\/fr\/wp-json\/wp\/v2\/product_brand?post=10032"},{"taxonomy":"product_cat","embeddable":true,"href":"https:\/\/puregrowshop.com\/fr\/wp-json\/wp\/v2\/product_cat?post=10032"},{"taxonomy":"product_tag","embeddable":true,"href":"https:\/\/puregrowshop.com\/fr\/wp-json\/wp\/v2\/product_tag?post=10032"}],"curies":[{"name":"wp","href":"https:\/\/api.w.org\/{rel}","templated":true}]}}