{"id":10030,"date":"2024-10-28T14:29:06","date_gmt":"2024-10-28T14:29:06","guid":{"rendered":"https:\/\/puregrowshop.com\/extract-guano-liquido-20-lt-guanokalong\/"},"modified":"2025-12-27T20:03:06","modified_gmt":"2025-12-27T20:03:06","slug":"extract-guano-liquido-20-lt-guanokalong","status":"publish","type":"product","link":"https:\/\/puregrowshop.com\/fr\/extract-guano-liquido-20-lt-guanokalong\/","title":{"rendered":"Extract (Guano Liquido) 20 lt. Guanokalong"},"content":{"rendered":"<p>Presentamos el Extracto de Guano L\u00edquido Guanokalong de 20 litros, un fertilizante org\u00e1nico de primera calidad dise\u00f1ado para impulsar el crecimiento y la salud de sus plantas. Ideal para jardineros y agricultores que buscan una soluci\u00f3n natural y eficaz, este producto es la elecci\u00f3n perfecta para enriquecer su suelo con nutrientes esenciales.<\/p>\n<ul>\n<li>Peso: 24 kg<\/li>\n<li>Categor\u00eda: Fertilizantes<\/li>\n<li>Formato: L\u00edquido<\/li>\n<li>Volumen: 20 litros<\/li>\n<\/ul>\n<p>Este extracto de guano l\u00edquido ofrece m\u00faltiples beneficios, como mejorar la estructura del suelo, aumentar la retenci\u00f3n de agua y promover un crecimiento m\u00e1s vigoroso de las plantas. Adem\u00e1s, ayuda a potenciar la floraci\u00f3n y el desarrollo de ra\u00edces fuertes, lo que resulta en cosechas m\u00e1s abundantes y saludables.<\/p>\n<p>La composici\u00f3n de este fertilizante incluye guano de murci\u00e9lago 100% natural, rico en macro y micronutrientes esenciales como nitr\u00f3geno, f\u00f3sforo y potasio, que son fundamentales para el desarrollo \u00f3ptimo de las plantas.<\/p>\n<p>Para su uso, diluya 50 ml de extracto de guano en 10 litros de agua y aplique una vez por semana durante el riego. Adecuado para todo tipo de plantas, desde huertos caseros hasta cultivos a gran escala. Aseg\u00farese de agitar bien antes de usar y almacenar en un lugar fresco y seco.<\/p>\n","protected":false},"excerpt":{"rendered":"<p>100% natural<\/p>\n<p>El guano de murci\u00e9lago es totalmente org\u00e1nico, de hecho los murci\u00e9lagos tienen que buscar sus propios alimentos. Frutos maduros e insectos sanos estan todos los presentes en la selva donde los humanos nunca han tenido ninguna influencia. Deja que la selva forme parte de tu jard\u00edn con la ayuda de Guanokalong. Este abono es un excelente fertilizante para el cultivo de plantas y cultivos org\u00e1nicos.<\/p>\n<p>C\u00f3mo usar el guano Guanokalong?<\/p>\n<p>Guanokalong, contiene una rica y \u00fanica combinaci\u00f3n de macro, micro-elementos y enzimas. El macro-elemento f\u00f3sforo est\u00e1 muy presente. Guanokalong tiene una liberaci\u00f3n controlada de los minerales y nutrientes. De esta manera, las ra\u00edces no se queman. Enzimas \u00fanicas y una rica presencia de calcio \/ magnesio estimula la micro vida en el suelo. Con el fin de fertilizar el suelo o un jard\u00edn completamente, le recomendamos que para mezclar los fertilizantes org\u00e1nicos adicionales:<\/p>\n<p>-Nitr\u00f3geno (peces = 100% org\u00e1nico, esti\u00e9rcol seco de vacas m\u00ednimo 1 a\u00f1o de edad),<br \/>-Potasio (extracto de remolacha azucarera = 100% org\u00e1nico),<br \/>-Micro-vida (humus de lombriz = 100% org\u00e1nico, compost como nutriente de las plantas),<br \/>-Calcio de algas (100% org\u00e1nico y tambi\u00e9n ricos en magnesio y micro-elementos. Calcio regula el nivel de pH en el suelo).<\/p>\n<p>Al aire libre: Le recomendamos fertilizar su jard\u00edn despu\u00e9s de la temporada de invierno. Tenga en cuenta que los suelos arenosos se lavan r\u00e1pidamente. Por lo tanto, mejore la estructura del suelo mediante la adici\u00f3n de humus de lombriz, turba y arcilla. Los &#8216;Pellets&#8217; liberan sus minerales y nutrientes de una forma muy controlada en el plazo de un a\u00f1o. El polvo est\u00e1  disponible con mayor rapidez, dentro de los seis primeros meses. Guanokalong se mezcla con el suelo antes de poner en las nuevas instalaciones. Si las plantas est\u00e1n ya colocadas en el suelo,  esparcir los fertilizantes y el calcio en el suelo y remover con cuidado superficialmente.<\/p>\n<p>Uso:<\/p>\n<p>    Para empezar mezcla 50 gramos de Guanokalong por 7 litros de sustrato en plantas de interior o 100-250 gramos por planta en exterior.<br \/>    Tambi\u00e9n se puede tomar 1 kg de Guanokalong polvo y mezclar en 100 litros (fuerte) o 250 litros (medio) de la tierra para macetas.<\/p>\n","protected":false},"featured_media":10029,"comment_status":"open","ping_status":"closed","template":"","meta":{"_bst_post_transparent":"","_bst_post_title":"","_bst_post_layout":"","_bst_post_sidebar_id":"","_bst_post_content_style":"","_bst_post_vertical_padding":"","_bst_post_feature":"","_bst_post_feature_position":"","_bst_post_header":false,"_bst_post_footer":false},"pwb-brand":[135],"product_brand":[],"product_cat":[39],"product_tag":[],"class_list":{"0":"post-10030","1":"product","2":"type-product","3":"status-publish","4":"has-post-thumbnail","6":"pwb-brand-guanokalong","7":"product_cat-fertilizantes","9":"first","10":"instock","11":"sale","12":"taxable","13":"shipping-taxable","14":"purchasable","15":"product-type-simple","16":"entry","17":"content-bg","18":"loop-entry"},"brands":[{"id":135,"name":"Guanokalong","slug":"guanokalong"}],"_links":{"self":[{"href":"https:\/\/puregrowshop.com\/fr\/wp-json\/wp\/v2\/product\/10030","targetHints":{"allow":["GET"]}}],"collection":[{"href":"https:\/\/puregrowshop.com\/fr\/wp-json\/wp\/v2\/product"}],"about":[{"href":"https:\/\/puregrowshop.com\/fr\/wp-json\/wp\/v2\/types\/product"}],"replies":[{"embeddable":true,"href":"https:\/\/puregrowshop.com\/fr\/wp-json\/wp\/v2\/comments?post=10030"}],"wp:featuredmedia":[{"embeddable":true,"href":"https:\/\/puregrowshop.com\/fr\/wp-json\/wp\/v2\/media\/10029"}],"wp:attachment":[{"href":"https:\/\/puregrowshop.com\/fr\/wp-json\/wp\/v2\/media?parent=10030"}],"wp:term":[{"taxonomy":"pwb-brand","embeddable":true,"href":"https:\/\/puregrowshop.com\/fr\/wp-json\/wp\/v2\/pwb-brand?post=10030"},{"taxonomy":"product_brand","embeddable":true,"href":"https:\/\/puregrowshop.com\/fr\/wp-json\/wp\/v2\/product_brand?post=10030"},{"taxonomy":"product_cat","embeddable":true,"href":"https:\/\/puregrowshop.com\/fr\/wp-json\/wp\/v2\/product_cat?post=10030"},{"taxonomy":"product_tag","embeddable":true,"href":"https:\/\/puregrowshop.com\/fr\/wp-json\/wp\/v2\/product_tag?post=10030"}],"curies":[{"name":"wp","href":"https:\/\/api.w.org\/{rel}","templated":true}]}}