{"id":10014,"date":"2024-10-28T14:29:03","date_gmt":"2024-10-28T14:29:03","guid":{"rendered":"https:\/\/puregrowshop.com\/extract-guano-liquido-1-lt-guanokalong\/"},"modified":"2025-12-27T20:03:06","modified_gmt":"2025-12-27T20:03:06","slug":"extract-guano-liquido-1-lt-guanokalong","status":"publish","type":"product","link":"https:\/\/puregrowshop.com\/fr\/extract-guano-liquido-1-lt-guanokalong\/","title":{"rendered":"Extract (Guano Liquido)  1 lt. Guanokalong"},"content":{"rendered":"<p>Descubre &quot;Extracto de Guano L\u00edquido 1 lt. Guanokalong&quot;, el fertilizante org\u00e1nico ideal para potenciar el crecimiento de tus plantas de manera natural y eficaz. Dise\u00f1ado especialmente para jardineros y cultivadores que buscan resultados excepcionales, este extracto l\u00edquido es una fuente rica en nutrientes esenciales.<\/p>\n<ul>\n<li>Peso: 1.5 kg<\/li>\n<li>Categor\u00eda: Fertilizantes<\/li>\n<li>Tipo: L\u00edquido<\/li>\n<li>Volumen: 1 litro<\/li>\n<\/ul>\n<p>Beneficios y Usos: Este extracto de guano l\u00edquido mejora significativamente la estructura del suelo, promoviendo un crecimiento m\u00e1s robusto y saludable de las plantas. Aumenta la resistencia de las plantas contra enfermedades y plagas, asegurando una cosecha abundante y de alta calidad. Ideal para todo tipo de cultivos, desde hortalizas hasta flores ornamentales.<\/p>\n<p>Composici\u00f3n: Formulado con guano de murci\u00e9lago de alta calidad, rico en nitr\u00f3geno, f\u00f3sforo y potasio, que son cruciales para el desarrollo vegetal.<\/p>\n<p>Instrucciones de uso y dosificaci\u00f3n: Diluir 10 ml de extracto por litro de agua y aplicar cada dos semanas durante la fase de crecimiento. En cultivos m\u00e1s exigentes, se puede aumentar la frecuencia a una aplicaci\u00f3n semanal para optimizar los resultados. Aseg\u00farate de mezclar bien antes de aplicar para obtener resultados \u00f3ptimos.<\/p>\n","protected":false},"excerpt":{"rendered":"<p>100% natural<\/p>\n<p>El guano de murci\u00e9lago es totalmente org\u00e1nico, de hecho los murci\u00e9lagos tienen que buscar sus propios alimentos. Frutos maduros e insectos sanos estan todos los presentes en la selva donde los humanos nunca han tenido ninguna influencia. Deja que la selva forme parte de tu jard\u00edn con la ayuda de Guanokalong. Este abono es un excelente fertilizante para el cultivo de plantas y cultivos org\u00e1nicos.<\/p>\n<p>C\u00f3mo usar el guano Guanokalong?<\/p>\n<p>Guanokalong, contiene una rica y \u00fanica combinaci\u00f3n de macro, micro-elementos y enzimas. El macro-elemento f\u00f3sforo est\u00e1 muy presente. Guanokalong tiene una liberaci\u00f3n controlada de los minerales y nutrientes. De esta manera, las ra\u00edces no se queman. Enzimas \u00fanicas y una rica presencia de calcio \/ magnesio estimula la micro vida en el suelo. Con el fin de fertilizar el suelo o un jard\u00edn completamente, le recomendamos que para mezclar los fertilizantes org\u00e1nicos adicionales:<\/p>\n<p>-Nitr\u00f3geno (peces = 100% org\u00e1nico, esti\u00e9rcol seco de vacas m\u00ednimo 1 a\u00f1o de edad),<br \/>-Potasio (extracto de remolacha azucarera = 100% org\u00e1nico),<br \/>-Micro-vida (humus de lombriz = 100% org\u00e1nico, compost como nutriente de las plantas),<br \/>-Calcio de algas (100% org\u00e1nico y tambi\u00e9n ricos en magnesio y micro-elementos. Calcio regula el nivel de pH en el suelo).<\/p>\n<p>Al aire libre: Le recomendamos fertilizar su jard\u00edn despu\u00e9s de la temporada de invierno. Tenga en cuenta que los suelos arenosos se lavan r\u00e1pidamente. Por lo tanto, mejore la estructura del suelo mediante la adici\u00f3n de humus de lombriz, turba y arcilla. Los &#8216;Pellets&#8217; liberan sus minerales y nutrientes de una forma muy controlada en el plazo de un a\u00f1o. El polvo est\u00e1  disponible con mayor rapidez, dentro de los seis primeros meses. Guanokalong se mezcla con el suelo antes de poner en las nuevas instalaciones. Si las plantas est\u00e1n ya colocadas en el suelo,  esparcir los fertilizantes y el calcio en el suelo y remover con cuidado superficialmente.<\/p>\n<p>Uso:<\/p>\n<p>    Para empezar mezcla 50 gramos de Guanokalong por 7 litros de sustrato en plantas de interior o 100-250 gramos por planta en exterior.<br \/>    Tambi\u00e9n se puede tomar 1 kg de Guanokalong polvo y mezclar en 100 litros (fuerte) o 250 litros (medio) de la tierra para macetas.<\/p>\n","protected":false},"featured_media":10013,"comment_status":"open","ping_status":"closed","template":"","meta":{"_bst_post_transparent":"","_bst_post_title":"","_bst_post_layout":"","_bst_post_sidebar_id":"","_bst_post_content_style":"","_bst_post_vertical_padding":"","_bst_post_feature":"","_bst_post_feature_position":"","_bst_post_header":false,"_bst_post_footer":false},"pwb-brand":[135],"product_brand":[],"product_cat":[39],"product_tag":[],"class_list":{"0":"post-10014","1":"product","2":"type-product","3":"status-publish","4":"has-post-thumbnail","6":"pwb-brand-guanokalong","7":"product_cat-fertilizantes","9":"first","10":"instock","11":"sale","12":"taxable","13":"shipping-taxable","14":"purchasable","15":"product-type-simple","16":"entry","17":"content-bg","18":"loop-entry"},"brands":[{"id":135,"name":"Guanokalong","slug":"guanokalong"}],"_links":{"self":[{"href":"https:\/\/puregrowshop.com\/fr\/wp-json\/wp\/v2\/product\/10014","targetHints":{"allow":["GET"]}}],"collection":[{"href":"https:\/\/puregrowshop.com\/fr\/wp-json\/wp\/v2\/product"}],"about":[{"href":"https:\/\/puregrowshop.com\/fr\/wp-json\/wp\/v2\/types\/product"}],"replies":[{"embeddable":true,"href":"https:\/\/puregrowshop.com\/fr\/wp-json\/wp\/v2\/comments?post=10014"}],"wp:featuredmedia":[{"embeddable":true,"href":"https:\/\/puregrowshop.com\/fr\/wp-json\/wp\/v2\/media\/10013"}],"wp:attachment":[{"href":"https:\/\/puregrowshop.com\/fr\/wp-json\/wp\/v2\/media?parent=10014"}],"wp:term":[{"taxonomy":"pwb-brand","embeddable":true,"href":"https:\/\/puregrowshop.com\/fr\/wp-json\/wp\/v2\/pwb-brand?post=10014"},{"taxonomy":"product_brand","embeddable":true,"href":"https:\/\/puregrowshop.com\/fr\/wp-json\/wp\/v2\/product_brand?post=10014"},{"taxonomy":"product_cat","embeddable":true,"href":"https:\/\/puregrowshop.com\/fr\/wp-json\/wp\/v2\/product_cat?post=10014"},{"taxonomy":"product_tag","embeddable":true,"href":"https:\/\/puregrowshop.com\/fr\/wp-json\/wp\/v2\/product_tag?post=10014"}],"curies":[{"name":"wp","href":"https:\/\/api.w.org\/{rel}","templated":true}]}}