{"id":10010,"date":"2024-10-28T14:13:55","date_gmt":"2024-10-28T14:13:55","guid":{"rendered":"https:\/\/puregrowshop.com\/microbes-150-gr-bio-bizz\/"},"modified":"2026-02-10T09:26:15","modified_gmt":"2026-02-10T09:26:15","slug":"microbes-150-gr-bio-bizz","status":"publish","type":"product","link":"https:\/\/puregrowshop.com\/fr\/microbes-150-gr-bio-bizz\/","title":{"rendered":"Microbes 150 Gr. Bio Bizz"},"content":{"rendered":"<p>Presentamos &quot;Microbes 150 Gr. Bio Bizz&quot;, un fertilizante de \u00faltima generaci\u00f3n dise\u00f1ado para optimizar el crecimiento y la salud de tus plantas. Este innovador producto es ideal para quienes buscan maximizar el rendimiento de su cultivo con ingredientes naturales y efectivos.<\/p>\n<ul>\n<li>Peso: 150 gramos<\/li>\n<li>Categor\u00eda: Fertilizantes<\/li>\n<li>Tipo: Microorganismos ben\u00e9ficos para plantas<\/li>\n<\/ul>\n<h4>Beneficios y Usos<\/h4>\n<p>&quot;Microbes 150 Gr. Bio Bizz&quot; mejora la absorci\u00f3n de nutrientes, estimula el crecimiento radicular y refuerza la resistencia de las plantas frente a enfermedades. Es ideal para jardineros y cultivadores que desean obtener cultivos m\u00e1s fuertes, saludables y con mayor rendimiento. Facilita la descomposici\u00f3n de materia org\u00e1nica, enriqueciendo el suelo y manteniendo un ecosistema equilibrado.<\/p>\n<p>Composici\u00f3n:<\/p>\n<p>Este producto est\u00e1 formulado a base de microorganismos seleccionados por su eficacia en la promoci\u00f3n de la salud vegetal y la mejora de la calidad del suelo.<\/p>\n<p>Instrucciones de Uso y Dosificaci\u00f3n:<\/p>\n<p>Mezclar la cantidad recomendada con agua y aplicar directamente en el suelo o sistema de riego. Para obtener resultados \u00f3ptimos, seguir las instrucciones espec\u00edficas seg\u00fan el tipo de planta y etapa de crecimiento. Ajustar la dosificaci\u00f3n conforme a las necesidades de tu cultivo para asegurar un desarrollo \u00f3ptimo y sostenible.<\/p>\n","protected":false},"excerpt":{"rendered":"<p>Biobizz Microbes es un consorcio completo de microorganismos, enzimas y hongos beneficiosos que estimula el proceso de germinaci\u00f3n y el crecimiento inicial de la pl\u00e1ntula y ayuda al estadio de floraci\u00f3n. Crea un mayor flujo y absorci\u00f3n de nutrientes esenciales e incrementa la cosecha final.<\/p>\n<p>Este consorcio de microorganismos tiene grandes beneficios para la rizosfera de la planta, incrementando la superficie \u00fatil de las ra\u00edces. Esto se traduce en una mayor y mejor absorci\u00f3n de nitr\u00f3geno, f\u00f3sforo, potasio y micro nutrientes durante todas las fases de desarrollo de la planta. Adem\u00e1s, los microorganismos elegidos son grandes promotores de fitohormonas como \u00e1cido indolac\u00e9tico y giberelinas.<\/p>\n","protected":false},"featured_media":9938,"comment_status":"open","ping_status":"closed","template":"","meta":{"_bst_post_transparent":"","_bst_post_title":"","_bst_post_layout":"","_bst_post_sidebar_id":"","_bst_post_content_style":"","_bst_post_vertical_padding":"","_bst_post_feature":"","_bst_post_feature_position":"","_bst_post_header":false,"_bst_post_footer":false},"pwb-brand":[134],"product_brand":[],"product_cat":[39],"product_tag":[],"class_list":{"0":"post-10010","1":"product","2":"type-product","3":"status-publish","4":"has-post-thumbnail","6":"pwb-brand-bio-bizz","7":"product_cat-fertilizantes","9":"first","10":"instock","11":"sale","12":"taxable","13":"shipping-taxable","14":"purchasable","15":"product-type-simple","16":"entry","17":"content-bg","18":"loop-entry"},"brands":[{"id":134,"name":"Bio Bizz","slug":"bio-bizz"}],"_links":{"self":[{"href":"https:\/\/puregrowshop.com\/fr\/wp-json\/wp\/v2\/product\/10010","targetHints":{"allow":["GET"]}}],"collection":[{"href":"https:\/\/puregrowshop.com\/fr\/wp-json\/wp\/v2\/product"}],"about":[{"href":"https:\/\/puregrowshop.com\/fr\/wp-json\/wp\/v2\/types\/product"}],"replies":[{"embeddable":true,"href":"https:\/\/puregrowshop.com\/fr\/wp-json\/wp\/v2\/comments?post=10010"}],"wp:featuredmedia":[{"embeddable":true,"href":"https:\/\/puregrowshop.com\/fr\/wp-json\/wp\/v2\/media\/9938"}],"wp:attachment":[{"href":"https:\/\/puregrowshop.com\/fr\/wp-json\/wp\/v2\/media?parent=10010"}],"wp:term":[{"taxonomy":"pwb-brand","embeddable":true,"href":"https:\/\/puregrowshop.com\/fr\/wp-json\/wp\/v2\/pwb-brand?post=10010"},{"taxonomy":"product_brand","embeddable":true,"href":"https:\/\/puregrowshop.com\/fr\/wp-json\/wp\/v2\/product_brand?post=10010"},{"taxonomy":"product_cat","embeddable":true,"href":"https:\/\/puregrowshop.com\/fr\/wp-json\/wp\/v2\/product_cat?post=10010"},{"taxonomy":"product_tag","embeddable":true,"href":"https:\/\/puregrowshop.com\/fr\/wp-json\/wp\/v2\/product_tag?post=10010"}],"curies":[{"name":"wp","href":"https:\/\/api.w.org\/{rel}","templated":true}]}}