{"id":10007,"date":"2024-10-28T14:13:54","date_gmt":"2024-10-28T14:13:54","guid":{"rendered":"https:\/\/puregrowshop.com\/calmag-500-ml-bio-bizz\/"},"modified":"2025-12-27T20:02:54","modified_gmt":"2025-12-27T20:02:54","slug":"calmag-500-ml-bio-bizz","status":"publish","type":"product","link":"https:\/\/puregrowshop.com\/fr\/calmag-500-ml-bio-bizz\/","title":{"rendered":"Calmag   500 ml. Bio Bizz"},"content":{"rendered":"<p>Calmag 500 ml. Bio Bizz es un suplemento esencial para aquellos que buscan maximizar el crecimiento y la salud de sus plantas. Dise\u00f1ado espec\u00edficamente para corregir deficiencias de calcio y magnesio, este producto garantiza que sus cultivos reciban los nutrientes necesarios para un desarrollo \u00f3ptimo.<\/p>\n<ul>\n<li>Peso: 0.6 kg<\/li>\n<li>Categor\u00eda: Fertilizantes<\/li>\n<li>Formato: L\u00edquido<\/li>\n<li>Volumen: 500 ml<\/li>\n<\/ul>\n<p>Calmag de Bio Bizz es ideal para mejorar la absorci\u00f3n de nutrientes, asegurando un crecimiento vigoroso y una floraci\u00f3n abundante. Este producto es especialmente beneficioso en sistemas de cultivo con agua blanda o desmineralizada, donde las deficiencias de calcio y magnesio son m\u00e1s comunes. Adem\u00e1s, ayuda a prevenir problemas como el amarillamiento de las hojas y el debilitamiento estructural de las plantas.<\/p>\n<p>Composici\u00f3n:<\/p>\n<p>Calcio, Magnesio y oligoelementos esenciales.<\/p>\n<p>Instrucciones de uso y dosificaci\u00f3n:<\/p>\n<p>Agite bien antes de usar. A\u00f1ada de 0.5 a 1 ml por litro de agua de riego, seg\u00fan las necesidades espec\u00edficas de sus plantas. Recomendado para uso semanal durante todo el ciclo de crecimiento y floraci\u00f3n. Ajuste la dosis en funci\u00f3n de la respuesta de las plantas y las condiciones del agua utilizada.<\/p>\n","protected":false},"excerpt":{"rendered":"<p>Biobizz Calmag ha sido dise\u00f1ado para el cultivador profesional y el aficionado que necesita un extra de calcio y magnesio en su cultivo.<\/p>\n<p>Ca y Mg son elementos esenciales para el correcto crecimiento y floraci\u00f3n de la planta, pues juegan un papel clave en la producci\u00f3n de las c\u00e9lulas y la fotos\u00edntesis.<\/p>\n<p>\u00bfPor qu\u00e9 elegir Biobizz Calmag?<br \/>Las carencias de calcio y magnesio son comunes, pues hoy en d\u00eda no podemos confiar en que el agua del grifo tenga una concentraci\u00f3n de minerales correcta.<\/p>\n<p>Tanto si es necesario usar agua del grifo blanda o se decide usar agua de osmosis, Biobizz Calmag ofrece una soluci\u00f3n 100% org\u00e1nica y certificada para las carencias de Ca\/Mg.<\/p>\n<p>Este producto concentra lo mejor de los ingredientes naturales y los presenta en una f\u00f3rmula que no altera tu programa de cultivo preferido.<\/p>\n<p>Corrige agua inadecuada y carencias de una manera simple, controlada y natural con Biobizz Calmag.<\/p>\n<p>\u00bfC\u00f3mo usarlo?<br \/>A\u00f1adir la dosis recomendada de Calmag para suplementar el Ca y el Mg, preparar el agua de riego y mezclar los fertilizantes Biobizz necesarios.<\/p>\n","protected":false},"featured_media":9932,"comment_status":"open","ping_status":"closed","template":"","meta":{"_bst_post_transparent":"","_bst_post_title":"","_bst_post_layout":"","_bst_post_sidebar_id":"","_bst_post_content_style":"","_bst_post_vertical_padding":"","_bst_post_feature":"","_bst_post_feature_position":"","_bst_post_header":false,"_bst_post_footer":false},"pwb-brand":[134],"product_brand":[],"product_cat":[39],"product_tag":[],"class_list":{"0":"post-10007","1":"product","2":"type-product","3":"status-publish","4":"has-post-thumbnail","6":"pwb-brand-bio-bizz","7":"product_cat-fertilizantes","9":"first","10":"instock","11":"sale","12":"taxable","13":"shipping-taxable","14":"purchasable","15":"product-type-simple","16":"entry","17":"content-bg","18":"loop-entry"},"brands":[{"id":134,"name":"Bio Bizz","slug":"bio-bizz"}],"_links":{"self":[{"href":"https:\/\/puregrowshop.com\/fr\/wp-json\/wp\/v2\/product\/10007","targetHints":{"allow":["GET"]}}],"collection":[{"href":"https:\/\/puregrowshop.com\/fr\/wp-json\/wp\/v2\/product"}],"about":[{"href":"https:\/\/puregrowshop.com\/fr\/wp-json\/wp\/v2\/types\/product"}],"replies":[{"embeddable":true,"href":"https:\/\/puregrowshop.com\/fr\/wp-json\/wp\/v2\/comments?post=10007"}],"wp:featuredmedia":[{"embeddable":true,"href":"https:\/\/puregrowshop.com\/fr\/wp-json\/wp\/v2\/media\/9932"}],"wp:attachment":[{"href":"https:\/\/puregrowshop.com\/fr\/wp-json\/wp\/v2\/media?parent=10007"}],"wp:term":[{"taxonomy":"pwb-brand","embeddable":true,"href":"https:\/\/puregrowshop.com\/fr\/wp-json\/wp\/v2\/pwb-brand?post=10007"},{"taxonomy":"product_brand","embeddable":true,"href":"https:\/\/puregrowshop.com\/fr\/wp-json\/wp\/v2\/product_brand?post=10007"},{"taxonomy":"product_cat","embeddable":true,"href":"https:\/\/puregrowshop.com\/fr\/wp-json\/wp\/v2\/product_cat?post=10007"},{"taxonomy":"product_tag","embeddable":true,"href":"https:\/\/puregrowshop.com\/fr\/wp-json\/wp\/v2\/product_tag?post=10007"}],"curies":[{"name":"wp","href":"https:\/\/api.w.org\/{rel}","templated":true}]}}