{"id":10003,"date":"2024-10-28T14:13:53","date_gmt":"2024-10-28T14:13:53","guid":{"rendered":"https:\/\/puregrowshop.com\/alga-mic-250-ml-bio-bizz\/"},"modified":"2025-12-27T20:02:54","modified_gmt":"2025-12-27T20:02:54","slug":"alga-mic-250-ml-bio-bizz","status":"publish","type":"product","link":"https:\/\/puregrowshop.com\/fr\/alga-mic-250-ml-bio-bizz\/","title":{"rendered":"Alga Mic    250 ml. Bio Bizz"},"content":{"rendered":"<p>Presentamos Alga Mic 250 ml de Bio Bizz, un fertilizante org\u00e1nico dise\u00f1ado para revitalizar tus plantas y mejorar su salud general. Ideal para cultivadores que buscan una soluci\u00f3n natural para potenciar el vigor y la resistencia de sus plantas.<\/p>\n<ul>\n<li>Peso: 0.3 kg<\/li>\n<li>Categor\u00eda: Fertilizantes<\/li>\n<li>Ideal para cultivos org\u00e1nicos<\/li>\n<\/ul>\n<p>Alga Mic est\u00e1 formulado a base de extractos de algas marinas de alta calidad, proporcionando a tus plantas una rica fuente de nutrientes naturales. Este producto no solo mejora la vitalidad de las plantas, sino que tambi\u00e9n aumenta su resistencia al estr\u00e9s y a las enfermedades, promoviendo un crecimiento exuberante.<\/p>\n<p>Composici\u00f3n:<\/p>\n<ul>\n<li>Extractos de algas marinas<\/li>\n<li>Minerales naturales<\/li>\n<\/ul>\n<p>Instrucciones de uso y dosificaci\u00f3n:<\/p>\n<ul>\n<li>Agita bien antes de usar.<\/li>\n<li>Diluye entre 1 ml y 4 ml de Alga Mic por litro de agua.<\/li>\n<li>Apl\u00edcalo mediante riego o pulverizaci\u00f3n foliar.<\/li>\n<li>\u00dasalo una o dos veces por semana para obtener mejores resultados.<\/li>\n<\/ul>\n<p>Haz de Alga Mic de Bio Bizz tu aliado para un jard\u00edn m\u00e1s verde y saludable, aprovechando el poder de las algas para nutrir y revitalizar tus plantas de manera natural.<\/p>\n","protected":false},"excerpt":{"rendered":"<p><P>Revitalizante ecol\u00f3gico hecho a partir de algas marinas prensadas en fr\u00edo y posteriormente concentradas que proporcionan a los cultivos micronutrientes, vitaminas, amino\u00e1cidos y hormonas de or\u00edgen vegetal.<\/P><br \/><P>Las algas marinas act\u00faan positivamente en el crecimiento de las plantas. Mejoran su capacidad para soportar ciertos niveles de estr\u00e9s medioambiental y reducen los ataques y las plagas de insectos en las plantas; mantienen un nivel superior de clorofila; aumenta el n\u00famero de microbios que alimentan las bacterias benignas y beneficiosas para la tierra. Tambi\u00e9n ayudan a reducir el da\u00f1o causado por nematodos minimizando su penetraci\u00f3n en la ra\u00edz e inician o aceleran el proceso de aclimataci\u00f3n incluso en condiciones de fr\u00edo extremo.<\/P><br \/><P>Alg\u00b7A\u00b7Mic\u2122 es el estimulante 100% natural que consigue una planta fuerte, resistente a enfermedades y con un verdor exuberante.<\/P><\/p>\n","protected":false},"featured_media":9924,"comment_status":"open","ping_status":"closed","template":"","meta":{"_bst_post_transparent":"","_bst_post_title":"","_bst_post_layout":"","_bst_post_sidebar_id":"","_bst_post_content_style":"","_bst_post_vertical_padding":"","_bst_post_feature":"","_bst_post_feature_position":"","_bst_post_header":false,"_bst_post_footer":false},"pwb-brand":[134],"product_brand":[],"product_cat":[39],"product_tag":[],"class_list":{"0":"post-10003","1":"product","2":"type-product","3":"status-publish","4":"has-post-thumbnail","6":"pwb-brand-bio-bizz","7":"product_cat-fertilizantes","9":"first","10":"instock","11":"sale","12":"taxable","13":"shipping-taxable","14":"purchasable","15":"product-type-simple","16":"entry","17":"content-bg","18":"loop-entry"},"brands":[{"id":134,"name":"Bio Bizz","slug":"bio-bizz"}],"_links":{"self":[{"href":"https:\/\/puregrowshop.com\/fr\/wp-json\/wp\/v2\/product\/10003","targetHints":{"allow":["GET"]}}],"collection":[{"href":"https:\/\/puregrowshop.com\/fr\/wp-json\/wp\/v2\/product"}],"about":[{"href":"https:\/\/puregrowshop.com\/fr\/wp-json\/wp\/v2\/types\/product"}],"replies":[{"embeddable":true,"href":"https:\/\/puregrowshop.com\/fr\/wp-json\/wp\/v2\/comments?post=10003"}],"wp:featuredmedia":[{"embeddable":true,"href":"https:\/\/puregrowshop.com\/fr\/wp-json\/wp\/v2\/media\/9924"}],"wp:attachment":[{"href":"https:\/\/puregrowshop.com\/fr\/wp-json\/wp\/v2\/media?parent=10003"}],"wp:term":[{"taxonomy":"pwb-brand","embeddable":true,"href":"https:\/\/puregrowshop.com\/fr\/wp-json\/wp\/v2\/pwb-brand?post=10003"},{"taxonomy":"product_brand","embeddable":true,"href":"https:\/\/puregrowshop.com\/fr\/wp-json\/wp\/v2\/product_brand?post=10003"},{"taxonomy":"product_cat","embeddable":true,"href":"https:\/\/puregrowshop.com\/fr\/wp-json\/wp\/v2\/product_cat?post=10003"},{"taxonomy":"product_tag","embeddable":true,"href":"https:\/\/puregrowshop.com\/fr\/wp-json\/wp\/v2\/product_tag?post=10003"}],"curies":[{"name":"wp","href":"https:\/\/api.w.org\/{rel}","templated":true}]}}