{"id":10001,"date":"2024-10-28T14:13:52","date_gmt":"2024-10-28T14:13:52","guid":{"rendered":"https:\/\/puregrowshop.com\/fish-mix-250-ml-bio-bizz\/"},"modified":"2025-12-27T20:02:54","modified_gmt":"2025-12-27T20:02:54","slug":"fish-mix-250-ml-bio-bizz","status":"publish","type":"product","link":"https:\/\/puregrowshop.com\/fr\/fish-mix-250-ml-bio-bizz\/","title":{"rendered":"Fish Mix   250 ml. Bio Bizz"},"content":{"rendered":"<p>Fish Mix 250 ml. de Bio Bizz es un fertilizante org\u00e1nico l\u00edquido especialmente formulado para enriquecer el suelo y promover un crecimiento vigoroso en plantas de todos los tipos. Ideal para jardineros y cultivadores que buscan potenciar el desarrollo saludable de sus cultivos, Fish Mix ofrece una soluci\u00f3n nutritiva completa y natural.<\/p>\n<ul>\n<li>Peso: 0.3 kg<\/li>\n<li>Categor\u00edas: Fertilizantes<\/li>\n<li>Compatible con cultivos en tierra y coco<\/li>\n<li>Apto para uso en jardines al aire libre e invernaderos<\/li>\n<\/ul>\n<p>Los beneficios de Fish Mix son numerosos. Al mejorar la calidad del suelo, garantiza una mayor absorci\u00f3n de nutrientes, lo que resulta en plantas m\u00e1s fuertes y productivas. Este fertilizante es especialmente efectivo para revitalizar suelos agotados y estimular el crecimiento de microorganismos beneficiosos.<\/p>\n<p>Composici\u00f3n: Fish Mix est\u00e1 compuesto de una mezcla de emulsi\u00f3n de pescado del Mar del Norte y extracto de remolacha azucarera holandesa, proporcionando una rica fuente de nutrientes esenciales.<\/p>\n<p>Instrucciones de uso: Para obtener los mejores resultados, diluir 2-5 ml de Fish Mix por litro de agua. Aplicar la soluci\u00f3n una o dos veces por semana durante la fase de crecimiento. Aseg\u00farese de ajustar la dosis seg\u00fan las necesidades espec\u00edficas de sus plantas y condiciones de cultivo.<\/p>\n","protected":false},"excerpt":{"rendered":"<p><P>Condiciona los sustratos estimulando la flora bacteriana y acelerando el crecimiento de la planta. Es una emulsi\u00f3n ecol\u00f3gica de pescado del Mar del Norte combinada con el extracto hort\u00edcola de remolacha azucarera holandesa.<\/P><br \/><P>Fish-Mix impulsa el crecimiento de todos los organis- mos vivos en el sustrato, a la vez que mejora y estimu- la la producci\u00f3n de micro-organismos y bacterias \u00fatiles en todo tipo de tierra y coco. El terreno de baja calidad se enriquece despu\u00e9s de algunos riegos y proporciona minerales naturales a las plantas.<BR>&nbsp;<BR>Fish-mix no contiene elementos prohibidos en la agricultura ecol\u00f3gica como \u00e1cidos ni se ha estabilizado con BHT.<\/P><br \/><P>Utiliza Fish-Mix preferiblemente en las primeras etapas de la vida de la planta, rociando directamente a las hojas durante las etapas vegetativas del crecimiento o bien preferiblemente durante el per\u00edodo de floraci\u00f3n y espec\u00edficamente para cultivos exteriores.<\/P><\/p>\n","protected":false},"featured_media":9920,"comment_status":"open","ping_status":"closed","template":"","meta":{"_bst_post_transparent":"","_bst_post_title":"","_bst_post_layout":"","_bst_post_sidebar_id":"","_bst_post_content_style":"","_bst_post_vertical_padding":"","_bst_post_feature":"","_bst_post_feature_position":"","_bst_post_header":false,"_bst_post_footer":false},"pwb-brand":[134],"product_brand":[],"product_cat":[39],"product_tag":[],"class_list":{"0":"post-10001","1":"product","2":"type-product","3":"status-publish","4":"has-post-thumbnail","6":"pwb-brand-bio-bizz","7":"product_cat-fertilizantes","9":"first","10":"instock","11":"sale","12":"taxable","13":"shipping-taxable","14":"purchasable","15":"product-type-simple","16":"entry","17":"content-bg","18":"loop-entry"},"brands":[{"id":134,"name":"Bio Bizz","slug":"bio-bizz"}],"_links":{"self":[{"href":"https:\/\/puregrowshop.com\/fr\/wp-json\/wp\/v2\/product\/10001","targetHints":{"allow":["GET"]}}],"collection":[{"href":"https:\/\/puregrowshop.com\/fr\/wp-json\/wp\/v2\/product"}],"about":[{"href":"https:\/\/puregrowshop.com\/fr\/wp-json\/wp\/v2\/types\/product"}],"replies":[{"embeddable":true,"href":"https:\/\/puregrowshop.com\/fr\/wp-json\/wp\/v2\/comments?post=10001"}],"wp:featuredmedia":[{"embeddable":true,"href":"https:\/\/puregrowshop.com\/fr\/wp-json\/wp\/v2\/media\/9920"}],"wp:attachment":[{"href":"https:\/\/puregrowshop.com\/fr\/wp-json\/wp\/v2\/media?parent=10001"}],"wp:term":[{"taxonomy":"pwb-brand","embeddable":true,"href":"https:\/\/puregrowshop.com\/fr\/wp-json\/wp\/v2\/pwb-brand?post=10001"},{"taxonomy":"product_brand","embeddable":true,"href":"https:\/\/puregrowshop.com\/fr\/wp-json\/wp\/v2\/product_brand?post=10001"},{"taxonomy":"product_cat","embeddable":true,"href":"https:\/\/puregrowshop.com\/fr\/wp-json\/wp\/v2\/product_cat?post=10001"},{"taxonomy":"product_tag","embeddable":true,"href":"https:\/\/puregrowshop.com\/fr\/wp-json\/wp\/v2\/product_tag?post=10001"}],"curies":[{"name":"wp","href":"https:\/\/api.w.org\/{rel}","templated":true}]}}