{"id":38021,"date":"2025-11-07T13:06:17","date_gmt":"2025-11-07T13:06:17","guid":{"rendered":"https:\/\/puregrowshop.com\/merci-pour-votre-achat\/"},"modified":"2026-03-26T12:18:25","modified_gmt":"2026-03-26T12:18:25","slug":"merci-pour-votre-achat","status":"publish","type":"page","link":"https:\/\/puregrowshop.com\/fr\/merci-pour-votre-achat\/","title":{"rendered":"Merci pour votre achat"},"content":{"rendered":"\t\t<div data-elementor-type=\"wp-page\" data-elementor-id=\"38021\" class=\"elementor elementor-38021 elementor-31593\">\n\t\t\t\t<div class=\"elementor-element elementor-element-52bac9f e-flex e-con-boxed e-con e-parent\" data-id=\"52bac9f\" data-element_type=\"container\" data-e-type=\"container\">\n\t\t\t\t\t<div class=\"e-con-inner\">\n\t\t\t\t<div class=\"elementor-element elementor-element-6d396c3 elementor-widget elementor-widget-spacer\" data-id=\"6d396c3\" data-element_type=\"widget\" data-e-type=\"widget\" data-widget_type=\"spacer.default\">\n\t\t\t\t<div class=\"elementor-widget-container\">\n\t\t\t\t\t\t\t<div class=\"elementor-spacer\">\n\t\t\t<div class=\"elementor-spacer-inner\"><\/div>\n\t\t<\/div>\n\t\t\t\t\t\t<\/div>\n\t\t\t\t<\/div>\n\t\t\t\t<div class=\"elementor-element elementor-element-5e07a81 elementor-widget elementor-widget-heading\" data-id=\"5e07a81\" data-element_type=\"widget\" data-e-type=\"widget\" data-widget_type=\"heading.default\">\n\t\t\t\t<div class=\"elementor-widget-container\">\n\t\t\t\t\t<h2 class=\"elementor-heading-title elementor-size-default\">Merci pour votre achat!<\/h2>\t\t\t\t<\/div>\n\t\t\t\t<\/div>\n\t\t\t\t<div class=\"elementor-element elementor-element-97aa3e1 elementor-widget elementor-widget-spacer\" data-id=\"97aa3e1\" data-element_type=\"widget\" data-e-type=\"widget\" data-widget_type=\"spacer.default\">\n\t\t\t\t<div class=\"elementor-widget-container\">\n\t\t\t\t\t\t\t<div class=\"elementor-spacer\">\n\t\t\t<div class=\"elementor-spacer-inner\"><\/div>\n\t\t<\/div>\n\t\t\t\t\t\t<\/div>\n\t\t\t\t<\/div>\n\t\t\t\t<div class=\"elementor-element elementor-element-bbcc25d elementor-widget elementor-widget-text-editor\" data-id=\"bbcc25d\" data-element_type=\"widget\" data-e-type=\"widget\" data-widget_type=\"text-editor.default\">\n\t\t\t\t<div class=\"elementor-widget-container\">\n\t\t\t\t\t\t\t\t\t<p>Votre commande a \u00e9t\u00e9 re\u00e7ue correctement et est en cours de traitement.<br \/>\nLe paiement a \u00e9t\u00e9 effectu\u00e9 en toute s\u00e9curit\u00e9 via notre terminal de paiement autoris\u00e9 de <strong>Purelab<\/strong>.<\/p>\n<p><span style=\"color: #5ebd24;\"><strong><em>Sur votre relev\u00e9 bancaire, le paiement appara\u00eetra sous le nom de PURELAB.<\/em><\/strong><\/span><\/p>\n<p>Nous vous avons envoy\u00e9 un e-mail avec les d\u00e9tails de votre commande.<\/p>\n\t\t\t\t\t\t\t\t<\/div>\n\t\t\t\t<\/div>\n\t\t\t\t\t<\/div>\n\t\t\t\t<\/div>\n\t\t\t\t<\/div>\n\t\t","protected":false},"excerpt":{"rendered":"<p>Merci pour votre achat! Votre commande a \u00e9t\u00e9 re\u00e7ue correctement et est en cours de traitement. Le paiement a \u00e9t\u00e9 effectu\u00e9 en toute s\u00e9curit\u00e9 via notre terminal de paiement autoris\u00e9 de Purelab. Sur votre relev\u00e9 bancaire, le paiement appara\u00eetra sous le nom de PURELAB. Nous vous avons envoy\u00e9 un e-mail avec les d\u00e9tails de votre&#8230;<\/p>\n","protected":false},"author":1,"featured_media":0,"parent":0,"menu_order":0,"comment_status":"closed","ping_status":"closed","template":"","meta":{"_bst_post_transparent":"","_bst_post_title":"","_bst_post_layout":"","_bst_post_sidebar_id":"","_bst_post_content_style":"","_bst_post_vertical_padding":"","_bst_post_feature":"","_bst_post_feature_position":"","_bst_post_header":false,"_bst_post_footer":false,"footnotes":""},"class_list":["post-38021","page","type-page","status-publish","hentry"],"_links":{"self":[{"href":"https:\/\/puregrowshop.com\/fr\/wp-json\/wp\/v2\/pages\/38021","targetHints":{"allow":["GET"]}}],"collection":[{"href":"https:\/\/puregrowshop.com\/fr\/wp-json\/wp\/v2\/pages"}],"about":[{"href":"https:\/\/puregrowshop.com\/fr\/wp-json\/wp\/v2\/types\/page"}],"author":[{"embeddable":true,"href":"https:\/\/puregrowshop.com\/fr\/wp-json\/wp\/v2\/users\/1"}],"replies":[{"embeddable":true,"href":"https:\/\/puregrowshop.com\/fr\/wp-json\/wp\/v2\/comments?post=38021"}],"version-history":[{"count":1,"href":"https:\/\/puregrowshop.com\/fr\/wp-json\/wp\/v2\/pages\/38021\/revisions"}],"predecessor-version":[{"id":38022,"href":"https:\/\/puregrowshop.com\/fr\/wp-json\/wp\/v2\/pages\/38021\/revisions\/38022"}],"wp:attachment":[{"href":"https:\/\/puregrowshop.com\/fr\/wp-json\/wp\/v2\/media?parent=38021"}],"curies":[{"name":"wp","href":"https:\/\/api.w.org\/{rel}","templated":true}]}}